{"id":37229,"date":"2023-05-11T15:35:19","date_gmt":"2023-05-11T13:35:19","guid":{"rendered":"https:\/\/www.epicerie-lasource.org\/magasin\/?post_type=product&#038;p=37229"},"modified":"2026-05-04T18:16:10","modified_gmt":"2026-05-04T16:16:10","slug":"jus-de-tomate-bio-yan-armenie-75cl","status":"publish","type":"product","link":"https:\/\/www.epicerie-lasource.org\/magasin\/produit\/jus-de-tomate-bio-yan-armenie-75cl\/","title":{"rendered":"Jus de Tomate BIO Pajottenlander 75cl (Bouteille consign\u00e9e)"},"content":{"rendered":"","protected":false},"excerpt":{"rendered":"<p>Jus de Tomate BIO &lsquo;Yan&rsquo; Arm\u00e9nie 75cl<\/p>\n<p>Cueillies \u00e0 maturit\u00e9, les tomates biologiques qui composent ce jus ont eu le temps de s&rsquo;\u00e9panouir au soleil pour se gorger de saveurs. Jus de tomate \u00e0 base de concentr\u00e9.<\/p>\n<h3><strong>\u00a0<\/strong><\/h3>\n","protected":false},"featured_media":37448,"comment_status":"closed","ping_status":"closed","template":"","meta":[],"product_cat":[22,475],"product_tag":[],"supplier_id":23768,"supplier_sku":"","atum_controlled":true,"out_stock_date":null,"out_stock_threshold":null,"inheritable":false,"inbound_stock":null,"stock_on_hold":1,"sold_today":0,"sales_last_days":1,"out_stock_days":0,"lost_sales":0,"has_location":false,"update_date":"2026-05-05T22:30:59","atum_locations":[],"atum_stock_status":"onbackorder","restock_status":false,"low_stock_amount":"","sales_update_date":"2026-05-05T22:30:59","calc_backorders":-9,"_links":{"self":[{"href":"https:\/\/www.epicerie-lasource.org\/magasin\/wp-json\/wp\/v2\/product\/37229"}],"collection":[{"href":"https:\/\/www.epicerie-lasource.org\/magasin\/wp-json\/wp\/v2\/product"}],"about":[{"href":"https:\/\/www.epicerie-lasource.org\/magasin\/wp-json\/wp\/v2\/types\/product"}],"replies":[{"embeddable":true,"href":"https:\/\/www.epicerie-lasource.org\/magasin\/wp-json\/wp\/v2\/comments?post=37229"}],"wp:featuredmedia":[{"embeddable":true,"href":"https:\/\/www.epicerie-lasource.org\/magasin\/wp-json\/wp\/v2\/media\/37448"}],"wp:attachment":[{"href":"https:\/\/www.epicerie-lasource.org\/magasin\/wp-json\/wp\/v2\/media?parent=37229"}],"wp:term":[{"taxonomy":"product_cat","embeddable":true,"href":"https:\/\/www.epicerie-lasource.org\/magasin\/wp-json\/wp\/v2\/product_cat?post=37229"},{"taxonomy":"product_tag","embeddable":true,"href":"https:\/\/www.epicerie-lasource.org\/magasin\/wp-json\/wp\/v2\/product_tag?post=37229"}],"curies":[{"name":"wp","href":"https:\/\/api.w.org\/{rel}","templated":true}]}}