{"id":36909,"date":"2023-04-28T12:36:27","date_gmt":"2023-04-28T10:36:27","guid":{"rendered":"https:\/\/www.epicerie-lasource.org\/magasin\/?post_type=product&#038;p=36909"},"modified":"2026-04-10T19:38:23","modified_gmt":"2026-04-10T17:38:23","slug":"confiture-de-mure-biolocale-320-gr","status":"publish","type":"product","link":"https:\/\/www.epicerie-lasource.org\/magasin\/produit\/confiture-de-mure-biolocale-320-gr\/","title":{"rendered":"Confiture de M\u00fbre Bio et Locale &#8211; 320 gr"},"content":{"rendered":"","protected":false},"excerpt":{"rendered":"<p>Confiture de M\u00fbre BIO et Locale de la conserverie du Ch\u00eanelet de Landrethun-de-Nord.<\/p>\n<p>Ingr\u00e9dients : M\u00fbres (64,7%), sucre (34,8%), Agar-Agar (0,6%)<\/p>\n","protected":false},"featured_media":37012,"comment_status":"closed","ping_status":"closed","template":"","meta":[],"product_cat":[64,697],"product_tag":[],"supplier_id":null,"supplier_sku":"","atum_controlled":true,"out_stock_date":null,"out_stock_threshold":null,"inheritable":false,"inbound_stock":null,"stock_on_hold":0,"sold_today":0,"sales_last_days":5,"out_stock_days":0,"lost_sales":0,"has_location":false,"update_date":"2026-04-20T22:17:09","atum_locations":[],"atum_stock_status":"onbackorder","restock_status":false,"low_stock_amount":2,"sales_update_date":"2026-04-20T22:17:09","calc_backorders":-4,"_links":{"self":[{"href":"https:\/\/www.epicerie-lasource.org\/magasin\/wp-json\/wp\/v2\/product\/36909"}],"collection":[{"href":"https:\/\/www.epicerie-lasource.org\/magasin\/wp-json\/wp\/v2\/product"}],"about":[{"href":"https:\/\/www.epicerie-lasource.org\/magasin\/wp-json\/wp\/v2\/types\/product"}],"replies":[{"embeddable":true,"href":"https:\/\/www.epicerie-lasource.org\/magasin\/wp-json\/wp\/v2\/comments?post=36909"}],"wp:featuredmedia":[{"embeddable":true,"href":"https:\/\/www.epicerie-lasource.org\/magasin\/wp-json\/wp\/v2\/media\/37012"}],"wp:attachment":[{"href":"https:\/\/www.epicerie-lasource.org\/magasin\/wp-json\/wp\/v2\/media?parent=36909"}],"wp:term":[{"taxonomy":"product_cat","embeddable":true,"href":"https:\/\/www.epicerie-lasource.org\/magasin\/wp-json\/wp\/v2\/product_cat?post=36909"},{"taxonomy":"product_tag","embeddable":true,"href":"https:\/\/www.epicerie-lasource.org\/magasin\/wp-json\/wp\/v2\/product_tag?post=36909"}],"curies":[{"name":"wp","href":"https:\/\/api.w.org\/{rel}","templated":true}]}}