{"id":36625,"date":"2023-04-14T14:07:05","date_gmt":"2023-04-14T12:07:05","guid":{"rendered":"https:\/\/www.epicerie-lasource.org\/magasin\/?post_type=product&#038;p=36625"},"modified":"2026-04-17T18:59:08","modified_gmt":"2026-04-17T16:59:08","slug":"chips-bellevue-la-flamande-150-gr","status":"publish","type":"product","link":"https:\/\/www.epicerie-lasource.org\/magasin\/produit\/chips-bellevue-la-flamande-150-gr\/","title":{"rendered":"Chips Bellevue \u00ab\u00a0La Flamande\u00a0\u00bb 150 gr"},"content":{"rendered":"","protected":false},"excerpt":{"rendered":"<p>Chips locales produites \u00e0 la ferme de Sercus .<\/p>\n<p>Ingr\u00e9dients:<br \/>\n3 pommes de terre flamandes(68,2%), 1 cuill\u00e8re d&rsquo;huile de tournesol(31,2%), 1 pinc\u00e9e de sel de l&rsquo;\u00eele de R\u00e9(0.6%) et rien de plus !<\/p>\n","protected":false},"featured_media":37450,"comment_status":"closed","ping_status":"closed","template":"","meta":[],"product_cat":[63,705],"product_tag":[],"supplier_id":null,"supplier_sku":"","atum_controlled":true,"out_stock_date":null,"out_stock_threshold":null,"inheritable":false,"inbound_stock":null,"stock_on_hold":0,"sold_today":0,"sales_last_days":2,"out_stock_days":0,"lost_sales":0,"has_location":false,"update_date":"2026-04-30T22:28:32","atum_locations":[],"atum_stock_status":"onbackorder","restock_status":false,"low_stock_amount":"","sales_update_date":"2026-04-30T22:28:32","calc_backorders":-50,"_links":{"self":[{"href":"https:\/\/www.epicerie-lasource.org\/magasin\/wp-json\/wp\/v2\/product\/36625"}],"collection":[{"href":"https:\/\/www.epicerie-lasource.org\/magasin\/wp-json\/wp\/v2\/product"}],"about":[{"href":"https:\/\/www.epicerie-lasource.org\/magasin\/wp-json\/wp\/v2\/types\/product"}],"replies":[{"embeddable":true,"href":"https:\/\/www.epicerie-lasource.org\/magasin\/wp-json\/wp\/v2\/comments?post=36625"}],"wp:featuredmedia":[{"embeddable":true,"href":"https:\/\/www.epicerie-lasource.org\/magasin\/wp-json\/wp\/v2\/media\/37450"}],"wp:attachment":[{"href":"https:\/\/www.epicerie-lasource.org\/magasin\/wp-json\/wp\/v2\/media?parent=36625"}],"wp:term":[{"taxonomy":"product_cat","embeddable":true,"href":"https:\/\/www.epicerie-lasource.org\/magasin\/wp-json\/wp\/v2\/product_cat?post=36625"},{"taxonomy":"product_tag","embeddable":true,"href":"https:\/\/www.epicerie-lasource.org\/magasin\/wp-json\/wp\/v2\/product_tag?post=36625"}],"curies":[{"name":"wp","href":"https:\/\/api.w.org\/{rel}","templated":true}]}}