{"id":36331,"date":"2023-04-04T12:14:16","date_gmt":"2023-04-04T10:14:16","guid":{"rendered":"https:\/\/www.epicerie-lasource.org\/magasin\/?post_type=product&#038;p=36331"},"modified":"2026-04-27T21:53:30","modified_gmt":"2026-04-27T19:53:30","slug":"pur-jus-multifruits-bio-bouteille-75cl","status":"publish","type":"product","link":"https:\/\/www.epicerie-lasource.org\/magasin\/produit\/pur-jus-multifruits-bio-bouteille-75cl\/","title":{"rendered":"Pur jus multifruits BIO bouteille 75cl"},"content":{"rendered":"","protected":false},"excerpt":{"rendered":"<p>Jus de pomme*, jus d\u2019orange*, jus de raisin*, pur\u00e9e de mangue*, pur\u00e9e de banane*, pur\u00e9e de poire*, jus de fruits de la passion*. *Ingr\u00e9dients issus de l&rsquo;agriculture biologique.<\/p>\n","protected":false},"featured_media":36332,"comment_status":"closed","ping_status":"closed","template":"","meta":[],"product_cat":[22,475],"product_tag":[],"supplier_id":23966,"supplier_sku":"","atum_controlled":true,"out_stock_date":null,"out_stock_threshold":null,"inheritable":false,"inbound_stock":null,"stock_on_hold":0,"sold_today":0,"sales_last_days":7,"out_stock_days":0,"lost_sales":0,"has_location":false,"update_date":"2026-05-03T22:29:42","atum_locations":[],"atum_stock_status":"instock","restock_status":false,"low_stock_amount":6,"sales_update_date":"2026-05-03T22:29:42","calc_backorders":0,"_links":{"self":[{"href":"https:\/\/www.epicerie-lasource.org\/magasin\/wp-json\/wp\/v2\/product\/36331"}],"collection":[{"href":"https:\/\/www.epicerie-lasource.org\/magasin\/wp-json\/wp\/v2\/product"}],"about":[{"href":"https:\/\/www.epicerie-lasource.org\/magasin\/wp-json\/wp\/v2\/types\/product"}],"replies":[{"embeddable":true,"href":"https:\/\/www.epicerie-lasource.org\/magasin\/wp-json\/wp\/v2\/comments?post=36331"}],"wp:featuredmedia":[{"embeddable":true,"href":"https:\/\/www.epicerie-lasource.org\/magasin\/wp-json\/wp\/v2\/media\/36332"}],"wp:attachment":[{"href":"https:\/\/www.epicerie-lasource.org\/magasin\/wp-json\/wp\/v2\/media?parent=36331"}],"wp:term":[{"taxonomy":"product_cat","embeddable":true,"href":"https:\/\/www.epicerie-lasource.org\/magasin\/wp-json\/wp\/v2\/product_cat?post=36331"},{"taxonomy":"product_tag","embeddable":true,"href":"https:\/\/www.epicerie-lasource.org\/magasin\/wp-json\/wp\/v2\/product_tag?post=36331"}],"curies":[{"name":"wp","href":"https:\/\/api.w.org\/{rel}","templated":true}]}}