{"id":36010,"date":"2023-03-24T11:04:21","date_gmt":"2023-03-24T10:04:21","guid":{"rendered":"https:\/\/www.epicerie-lasource.org\/magasin\/?post_type=product&#038;p=36010"},"modified":"2026-02-13T18:16:33","modified_gmt":"2026-02-13T17:16:33","slug":"savon-artisanal-lait-de-chevre-let-de-cabra","status":"publish","type":"product","link":"https:\/\/www.epicerie-lasource.org\/magasin\/produit\/savon-artisanal-lait-de-chevre-let-de-cabra\/","title":{"rendered":"Savon Artisanal Lait de ch\u00e8vre \u00ab\u00a0Let de Cabra\u00a0\u00bb"},"content":{"rendered":"","protected":false},"excerpt":{"rendered":"<p>Savon au lait de ch\u00e8vre<\/p>\n<p>Ingr\u00e9dients : 15% Huile d&rsquo;olive, huile de coco, huile de tournesol, lait de ch\u00e8vre de la fromagerie des fenouill\u00e8des. INCI: Sodium Olivate, Sodium Cocoate*,Sodium Sunfloweeseedate*, CapraeLac**,Glycerin,Olea Europea fruit oil, Cocos nucifera oil*,Helianthus Annuus Seed Oil* *issus de l&rsquo;agriculture biologique **issus des Pyr\u00e9n\u00e9es orientales Poids: 95gr<\/p>\n","protected":false},"featured_media":35341,"comment_status":"closed","ping_status":"closed","template":"","meta":[],"product_cat":[731,207],"product_tag":[],"supplier_id":29134,"supplier_sku":"","atum_controlled":true,"out_stock_date":null,"out_stock_threshold":null,"inheritable":false,"inbound_stock":null,"stock_on_hold":0,"sold_today":0,"sales_last_days":0,"out_stock_days":0,"lost_sales":0,"has_location":false,"update_date":"2026-04-14T22:12:10","atum_locations":[],"atum_stock_status":"instock","restock_status":false,"low_stock_amount":"","sales_update_date":"2026-04-14T22:12:10","calc_backorders":null,"_links":{"self":[{"href":"https:\/\/www.epicerie-lasource.org\/magasin\/wp-json\/wp\/v2\/product\/36010"}],"collection":[{"href":"https:\/\/www.epicerie-lasource.org\/magasin\/wp-json\/wp\/v2\/product"}],"about":[{"href":"https:\/\/www.epicerie-lasource.org\/magasin\/wp-json\/wp\/v2\/types\/product"}],"replies":[{"embeddable":true,"href":"https:\/\/www.epicerie-lasource.org\/magasin\/wp-json\/wp\/v2\/comments?post=36010"}],"wp:featuredmedia":[{"embeddable":true,"href":"https:\/\/www.epicerie-lasource.org\/magasin\/wp-json\/wp\/v2\/media\/35341"}],"wp:attachment":[{"href":"https:\/\/www.epicerie-lasource.org\/magasin\/wp-json\/wp\/v2\/media?parent=36010"}],"wp:term":[{"taxonomy":"product_cat","embeddable":true,"href":"https:\/\/www.epicerie-lasource.org\/magasin\/wp-json\/wp\/v2\/product_cat?post=36010"},{"taxonomy":"product_tag","embeddable":true,"href":"https:\/\/www.epicerie-lasource.org\/magasin\/wp-json\/wp\/v2\/product_tag?post=36010"}],"curies":[{"name":"wp","href":"https:\/\/api.w.org\/{rel}","templated":true}]}}