{"id":35554,"date":"2023-03-07T19:53:38","date_gmt":"2023-03-07T18:53:38","guid":{"rendered":"https:\/\/www.epicerie-lasource.org\/magasin\/?post_type=product&#038;p=35554"},"modified":"2026-03-04T20:51:48","modified_gmt":"2026-03-04T19:51:48","slug":"cornichons-au-vinaigre-190g-net-egoutte-37-cl","status":"publish","type":"product","link":"https:\/\/www.epicerie-lasource.org\/magasin\/produit\/cornichons-au-vinaigre-190g-net-egoutte-37-cl\/","title":{"rendered":"Cornichons au vinaigre 190g BIO net \u00e9goutt\u00e9 &#8211; 37 cl"},"content":{"rendered":"","protected":false},"excerpt":{"rendered":"<p><strong>Ingr\u00e9dients<\/strong> :<br \/>\nCornichons*, eau, vinaigre d&rsquo;alcool*, sucre de canne*, sel marin, graines de moutarde*, aneth*, oignons*, poivre*, poivrons*, piment*.<br \/>\n*Ingr\u00e9dients issus de l\u2019agriculture biologique. Agriculture UE \/ non UE Certifi\u00e9 par FR-BIO-01<br \/>\nAllerg\u00e8nes : Moutarde<\/p>\n","protected":false},"featured_media":35556,"comment_status":"closed","ping_status":"closed","template":"","meta":[],"product_cat":[704],"product_tag":[],"supplier_id":23768,"supplier_sku":"","atum_controlled":true,"out_stock_date":null,"out_stock_threshold":null,"inheritable":false,"inbound_stock":null,"stock_on_hold":0,"sold_today":0,"sales_last_days":0,"out_stock_days":0,"lost_sales":0,"has_location":false,"update_date":"2026-04-05T22:06:07","atum_locations":[],"atum_stock_status":"onbackorder","restock_status":false,"low_stock_amount":"","sales_update_date":"2026-04-05T22:06:07","calc_backorders":-9,"_links":{"self":[{"href":"https:\/\/www.epicerie-lasource.org\/magasin\/wp-json\/wp\/v2\/product\/35554"}],"collection":[{"href":"https:\/\/www.epicerie-lasource.org\/magasin\/wp-json\/wp\/v2\/product"}],"about":[{"href":"https:\/\/www.epicerie-lasource.org\/magasin\/wp-json\/wp\/v2\/types\/product"}],"replies":[{"embeddable":true,"href":"https:\/\/www.epicerie-lasource.org\/magasin\/wp-json\/wp\/v2\/comments?post=35554"}],"wp:featuredmedia":[{"embeddable":true,"href":"https:\/\/www.epicerie-lasource.org\/magasin\/wp-json\/wp\/v2\/media\/35556"}],"wp:attachment":[{"href":"https:\/\/www.epicerie-lasource.org\/magasin\/wp-json\/wp\/v2\/media?parent=35554"}],"wp:term":[{"taxonomy":"product_cat","embeddable":true,"href":"https:\/\/www.epicerie-lasource.org\/magasin\/wp-json\/wp\/v2\/product_cat?post=35554"},{"taxonomy":"product_tag","embeddable":true,"href":"https:\/\/www.epicerie-lasource.org\/magasin\/wp-json\/wp\/v2\/product_tag?post=35554"}],"curies":[{"name":"wp","href":"https:\/\/api.w.org\/{rel}","templated":true}]}}