{"id":35325,"date":"2023-02-25T19:51:44","date_gmt":"2023-02-25T18:51:44","guid":{"rendered":"https:\/\/www.epicerie-lasource.org\/magasin\/?post_type=product&#038;p=35325"},"modified":"2026-03-13T13:38:33","modified_gmt":"2026-03-13T12:38:33","slug":"shampooing-antipelliculaire-bio-au-kilo-2","status":"publish","type":"product","link":"https:\/\/www.epicerie-lasource.org\/magasin\/produit\/shampooing-antipelliculaire-bio-au-kilo-2\/","title":{"rendered":"VRAC &#8211; Shampooing Antipelliculaire BIO &#8211; Au choix"},"content":{"rendered":"<p>Conseil d&rsquo;utilisation :<\/p>\n<p>Utiliser 2 \u00e0 3 fois par semaine pendant 4 semaines.<br \/>\nPuis 1 fois par semaine en alternance avec le Shampooing pour cheveux normaux Coslys.<\/p>\n","protected":false},"excerpt":{"rendered":"<p>La formule de ce Shampoing antipelliculaire Coslys agit d\u00e8s la premi\u00e8re utilisation.<\/p>\n<p>Ses actifs nettoyants, apaisants et r\u00e9g\u00e9n\u00e9rants agissent en synergie pour \u00e9liminer les pellicules et r\u00e9guler la production de s\u00e9bum. Le lierre contenu dans sa formule a un effet antimicrobien, d\u00e9graissant, cicatrisant. Il apaise et calme \u00e9galement les irritations.<\/p>\n<p>Le cuir chevelu est assainit, apais\u00e9. Les cheveux sont souples, l\u00e9gers et purifi\u00e9s.<\/p>\n<p>Sans zinc pyrithione.<\/p>\n<p>INGR\u00c9DIENTS :<\/p>\n<div class=\"content\">\n<p><em>Nos formules pouvant \u00eatre amen\u00e9es \u00e0 \u00e9voluer, veuillez-vous reporter \u00e9galement \u00e0 la liste d\u2019ingr\u00e9dients figurant sur l\u2019emballage du produit et faisant seule fois.<\/em><\/p>\n<p>Aqua (water), spiraea ulmaria flower water*, sodium coco-sulfate, cocamidopropyl betaine, decyl glucoside, glycerin, sodium chloride, hedera helix (ivy) extract*, zizyphus joazeiro bark extract, aloe barbadensis leaf juice powder*, coco-glucoside, glyceryl oleate, propanediol, coconut alcohol, sodium sulfate, perfume (fragrance), benzyl alcohol, dehydroacetic acid, potassium sorbate, sodium benzoate, citric acid, limonene, linalool.<\/p>\n<p><em>*Ingr\u00e9dients issus de l&rsquo;Agriculture Biologique<\/em><\/p>\n<p><em>97,5% du total des ingr\u00e9dients sont d&rsquo;origine naturelle<\/em><\/p>\n<p><em>17% du total des ingr\u00e9dients sont issus de l&rsquo;Agriculture Biologique<\/em><\/p>\n<\/div>\n","protected":false},"featured_media":35232,"comment_status":"closed","ping_status":"closed","template":"","meta":[],"product_cat":[731,715,207],"product_tag":[],"supplier_id":35273,"supplier_sku":"","atum_controlled":true,"out_stock_date":null,"out_stock_threshold":null,"inheritable":true,"inbound_stock":null,"stock_on_hold":0,"sold_today":0,"sales_last_days":0,"out_stock_days":0,"lost_sales":0,"has_location":false,"update_date":"2026-05-01T22:28:28","atum_locations":[],"atum_stock_status":"instock","restock_status":false,"low_stock_amount":"","sales_update_date":"2026-05-01T22:28:28","calc_backorders":0,"_links":{"self":[{"href":"https:\/\/www.epicerie-lasource.org\/magasin\/wp-json\/wp\/v2\/product\/35325"}],"collection":[{"href":"https:\/\/www.epicerie-lasource.org\/magasin\/wp-json\/wp\/v2\/product"}],"about":[{"href":"https:\/\/www.epicerie-lasource.org\/magasin\/wp-json\/wp\/v2\/types\/product"}],"replies":[{"embeddable":true,"href":"https:\/\/www.epicerie-lasource.org\/magasin\/wp-json\/wp\/v2\/comments?post=35325"}],"wp:featuredmedia":[{"embeddable":true,"href":"https:\/\/www.epicerie-lasource.org\/magasin\/wp-json\/wp\/v2\/media\/35232"}],"wp:attachment":[{"href":"https:\/\/www.epicerie-lasource.org\/magasin\/wp-json\/wp\/v2\/media?parent=35325"}],"wp:term":[{"taxonomy":"product_cat","embeddable":true,"href":"https:\/\/www.epicerie-lasource.org\/magasin\/wp-json\/wp\/v2\/product_cat?post=35325"},{"taxonomy":"product_tag","embeddable":true,"href":"https:\/\/www.epicerie-lasource.org\/magasin\/wp-json\/wp\/v2\/product_tag?post=35325"}],"curies":[{"name":"wp","href":"https:\/\/api.w.org\/{rel}","templated":true}]}}