{"id":35262,"date":"2023-02-23T21:53:43","date_gmt":"2023-02-23T20:53:43","guid":{"rendered":"https:\/\/www.epicerie-lasource.org\/magasin\/?post_type=product&#038;p=35262"},"modified":"2025-08-14T08:50:32","modified_gmt":"2025-08-14T06:50:32","slug":"tampons-flux-regulier-sans-applicateur-coton-bio-18-unites","status":"publish","type":"product","link":"https:\/\/www.epicerie-lasource.org\/magasin\/produit\/tampons-flux-regulier-sans-applicateur-coton-bio-18-unites\/","title":{"rendered":"Tampons &#8211; Flux r\u00e9gulier Sans Applicateur &#8211; Coton BIO &#8211; 18 unit\u00e9s"},"content":{"rendered":"","protected":false},"excerpt":{"rendered":"<div id=\"tabs-1\" class=\"onglet ui-tabs-panel ui-widget-content ui-corner-bottom\">\n<p>Le <strong>Tampon normal sans applicateur de Silvercare<\/strong> a \u00e9t\u00e9 con\u00e7u pour r\u00e9duire les risques d\u2019allergies et les irritations.<\/p>\n<p>Les produits SILVERCARE sont garantis 100\u00a0% sans p\u00e2te de cellulose obtenue en abattant les arbres.<\/p>\n<ul>\n<li>100% coton biologique<\/li>\n<li>Bo\u00eete de 18 unit\u00e9s<\/li>\n<\/ul>\n<\/div>\n","protected":false},"featured_media":35263,"comment_status":"closed","ping_status":"closed","template":"","meta":[],"product_cat":[731,207],"product_tag":[],"supplier_id":35273,"supplier_sku":"","atum_controlled":true,"out_stock_date":null,"out_stock_threshold":null,"inheritable":false,"inbound_stock":null,"stock_on_hold":0,"sold_today":0,"sales_last_days":0,"out_stock_days":0,"lost_sales":0,"has_location":false,"update_date":"2026-04-13T22:12:49","atum_locations":[],"atum_stock_status":"instock","restock_status":false,"low_stock_amount":"","sales_update_date":"2026-04-13T22:12:49","calc_backorders":null,"_links":{"self":[{"href":"https:\/\/www.epicerie-lasource.org\/magasin\/wp-json\/wp\/v2\/product\/35262"}],"collection":[{"href":"https:\/\/www.epicerie-lasource.org\/magasin\/wp-json\/wp\/v2\/product"}],"about":[{"href":"https:\/\/www.epicerie-lasource.org\/magasin\/wp-json\/wp\/v2\/types\/product"}],"replies":[{"embeddable":true,"href":"https:\/\/www.epicerie-lasource.org\/magasin\/wp-json\/wp\/v2\/comments?post=35262"}],"wp:featuredmedia":[{"embeddable":true,"href":"https:\/\/www.epicerie-lasource.org\/magasin\/wp-json\/wp\/v2\/media\/35263"}],"wp:attachment":[{"href":"https:\/\/www.epicerie-lasource.org\/magasin\/wp-json\/wp\/v2\/media?parent=35262"}],"wp:term":[{"taxonomy":"product_cat","embeddable":true,"href":"https:\/\/www.epicerie-lasource.org\/magasin\/wp-json\/wp\/v2\/product_cat?post=35262"},{"taxonomy":"product_tag","embeddable":true,"href":"https:\/\/www.epicerie-lasource.org\/magasin\/wp-json\/wp\/v2\/product_tag?post=35262"}],"curies":[{"name":"wp","href":"https:\/\/api.w.org\/{rel}","templated":true}]}}