{"id":35248,"date":"2023-02-23T21:20:18","date_gmt":"2023-02-23T20:20:18","guid":{"rendered":"https:\/\/www.epicerie-lasource.org\/magasin\/?post_type=product&#038;p=35248"},"modified":"2026-01-04T20:56:29","modified_gmt":"2026-01-04T19:56:29","slug":"dentifrice-enfant-peche-prevention-caries-bio","status":"publish","type":"product","link":"https:\/\/www.epicerie-lasource.org\/magasin\/produit\/dentifrice-enfant-peche-prevention-caries-bio\/","title":{"rendered":"Dentifrice Enfant P\u00eache (Pr\u00e9vention caries)  BIO"},"content":{"rendered":"","protected":false},"excerpt":{"rendered":"<p>Le <strong>Dentifrice enfant \u00e0 la p\u00eache Coslys<\/strong> est sp\u00e9cialement adapt\u00e9 aux besoins sp\u00e9cifiques des enfants de 7 \u00e0 12 ans.<\/p>\n<p>Ce <strong>dentifrice naturel<\/strong> aide \u00e0 pr\u00e9venir les caries.<\/p>\n<h2>Ar\u00f4me 100% d\u2019origine naturelle de p\u00eache bio fran\u00e7aise<\/h2>\n<p>Enrichi en p\u00eache bio et fran\u00e7aise, en aloe vera bio et en xylitol d\u2019origine naturelle il pr\u00e9vient les caries, tout en respectant les gencives.<\/p>\n<p>Ce dentifrice enfant est <strong>sans fluor<\/strong> et<strong> test\u00e9 sous contr\u00f4le odontologique<\/strong>.<\/p>\n<p><strong>INGR\u00c9DIENTS<\/strong>:<\/p>\n<div class=\"content\">\n<p><em>Nos formules pouvant \u00eatre amen\u00e9es \u00e0 \u00e9voluer, veuillez-vous reporter \u00e9galement \u00e0 la liste d\u2019ingr\u00e9dients figurant sur l\u2019emballage du produit et faisant seule fois.<\/em><\/p>\n<p>aqua (water), hydrogenatedstarchhydrolysate, erythritol, xylitol, glycerin, dicalcium phosphate dihydrate, cellulose gum, aroma (flavor), xanthangum, kaolin, aloe barbadensisleafjuicepowder*, prunus persica (peach) leafextract*, stevia rebaudianaextract, sodium coco-sulfate, sodium sulfate, coconutalcohol, sodium benzoate, potassium hydroxide, sodium chloride.<\/p>\n<p><em>*Ingr\u00e9dient issu de l&rsquo;Agriculture Biologique.<\/em><\/p>\n<ul>\n<li><em>99% du total des ingr\u00e9dients sont d&rsquo;origine naturelle <\/em><\/li>\n<li><em>10% du total des ingr\u00e9dients sont issus de l&rsquo;Agriculture Biologique<\/em><\/li>\n<\/ul>\n<\/div>\n","protected":false},"featured_media":35249,"comment_status":"closed","ping_status":"closed","template":"","meta":[],"product_cat":[207],"product_tag":[],"supplier_id":35273,"supplier_sku":"","atum_controlled":true,"out_stock_date":null,"out_stock_threshold":null,"inheritable":false,"inbound_stock":null,"stock_on_hold":0,"sold_today":0,"sales_last_days":0,"out_stock_days":0,"lost_sales":0,"has_location":false,"update_date":"2026-04-13T22:12:48","atum_locations":[],"atum_stock_status":"onbackorder","restock_status":false,"low_stock_amount":"","sales_update_date":"2026-04-13T22:12:48","calc_backorders":-5,"_links":{"self":[{"href":"https:\/\/www.epicerie-lasource.org\/magasin\/wp-json\/wp\/v2\/product\/35248"}],"collection":[{"href":"https:\/\/www.epicerie-lasource.org\/magasin\/wp-json\/wp\/v2\/product"}],"about":[{"href":"https:\/\/www.epicerie-lasource.org\/magasin\/wp-json\/wp\/v2\/types\/product"}],"replies":[{"embeddable":true,"href":"https:\/\/www.epicerie-lasource.org\/magasin\/wp-json\/wp\/v2\/comments?post=35248"}],"wp:featuredmedia":[{"embeddable":true,"href":"https:\/\/www.epicerie-lasource.org\/magasin\/wp-json\/wp\/v2\/media\/35249"}],"wp:attachment":[{"href":"https:\/\/www.epicerie-lasource.org\/magasin\/wp-json\/wp\/v2\/media?parent=35248"}],"wp:term":[{"taxonomy":"product_cat","embeddable":true,"href":"https:\/\/www.epicerie-lasource.org\/magasin\/wp-json\/wp\/v2\/product_cat?post=35248"},{"taxonomy":"product_tag","embeddable":true,"href":"https:\/\/www.epicerie-lasource.org\/magasin\/wp-json\/wp\/v2\/product_tag?post=35248"}],"curies":[{"name":"wp","href":"https:\/\/api.w.org\/{rel}","templated":true}]}}