{"id":35246,"date":"2023-02-23T21:16:43","date_gmt":"2023-02-23T20:16:43","guid":{"rendered":"https:\/\/www.epicerie-lasource.org\/magasin\/?post_type=product&#038;p=35246"},"modified":"2026-03-25T21:48:10","modified_gmt":"2026-03-25T20:48:10","slug":"dentifrice-protection-integrale-bio","status":"publish","type":"product","link":"https:\/\/www.epicerie-lasource.org\/magasin\/produit\/dentifrice-protection-integrale-bio\/","title":{"rendered":"Dentifrice protection int\u00e9grale  BIO"},"content":{"rendered":"","protected":false},"excerpt":{"rendered":"<p>La nouvelle formule du dentifrice protection int\u00e9grale Coslys agit <strong>contre les 8 principaux probl\u00e8mes bucco-dentaires<\/strong>.<\/p>\n<p><strong>Sans tensioactifs sulfat\u00e9s<\/strong>, le dentifrice int\u00e9gral a une <strong>mousse fine et discr\u00e8te<\/strong>, et laisse une haleine fra\u00eeche gr\u00e2ce au menthol pr\u00e9sent.<\/p>\n<p>Pr\u00e9vention des caries, protection des gencives, renforce l&rsquo;\u00e9mail, action blancheur, haleine fra\u00eeche, \u00e9limine la plaque dentaire, action antibact\u00e9rienne et action anti taches.<\/p>\n<p>Compos\u00e9 \u00e0 <strong>99% d&rsquo;ingr\u00e9dients d&rsquo;origine naturelle<\/strong>, le dentifrice 8 en 1 est enrichit en r\u00e9glisse bio, menthol naturel et clou de girofle bio, actifs naturels reconnus pour leur propri\u00e9t\u00e9s\u00a0au niveau de l&rsquo;<strong>hygi\u00e8ne buccale<\/strong>.<\/p>\n<h2>Action antibact\u00e9rienne<\/h2>\n<p>Enrichi en\u00a0Xylitol et erythritol\u00a0extraits de sources v\u00e9g\u00e9tales, il\u00a0<strong>freine la prolif\u00e9ration\u00a0bact\u00e9rienne<\/strong>\u00a0responsable de la formation des caries. De plus, il baisse le niveau d\u2019acidit\u00e9 de la salive, et r\u00e9duit ainsi l\u2019adh\u00e9sivit\u00e9 et la quantit\u00e9 de plaque dentaire. Ainsi le dentifrice permet de\u00a0<strong>lutter contre la\u00a0mauvaise haleine<\/strong>.<\/p>\n<p>Le carbonate de calcium pr\u00e9sent \u00e9galement dans la formule du dentifrice Coslys,\u00a0est un abrasif doux qui aide \u00e0 <strong>\u00e9liminer d\u00e9licatement la plaque dentaire<\/strong>. Associ\u00e9 au brossage, il <strong>\u00e9limine \u00e9galement les taches<\/strong> \u00e0 la surface.<\/p>\n<p>Ce <strong>produit cosm\u00e9tique bio<\/strong> est labellis\u00e9\u00a0<a href=\"https:\/\/www.cosmos-standard.org\/?lang=fr\" target=\"_blank\" rel=\"noopener\">Cosmos<\/a>.<\/p>\n<p><strong>INGR\u00c9DIENTS :<\/strong><\/p>\n<div class=\"content\">\n<p>aqua (water), calcium carbonate, glycerin, xylitol, erythritol, xanthan gum, cellulose gum, aloe barbadensis leaf juice powder**, eugenia caryophyllus (clove) bud oil**, glycyrrhiza glabra (licorice) root extract**, menthol, aroma (flavor), sodium cocoyl glutamate, citric acid, sodium benzoate, sodium chloride, eugenol.<\/p>\n<p><em>**Ingr\u00e9dients issus de l&rsquo;Agriculture Biologique<\/em><\/p>\n<p><em>99% du total des ingr\u00e9dients sont d&rsquo;origine naturelle <\/em><br \/>\n<em>10% du total des ingr\u00e9dients sont issus de l&rsquo;Agriculture Biologique<\/em><\/p>\n<\/div>\n","protected":false},"featured_media":35360,"comment_status":"closed","ping_status":"closed","template":"","meta":[],"product_cat":[207],"product_tag":[],"supplier_id":35273,"supplier_sku":"","atum_controlled":true,"out_stock_date":null,"out_stock_threshold":null,"inheritable":false,"inbound_stock":null,"stock_on_hold":0,"sold_today":0,"sales_last_days":1,"out_stock_days":0,"lost_sales":0,"has_location":false,"update_date":"2026-04-13T22:13:42","atum_locations":[],"atum_stock_status":"instock","restock_status":false,"low_stock_amount":"","sales_update_date":"2026-04-13T22:13:42","calc_backorders":null,"_links":{"self":[{"href":"https:\/\/www.epicerie-lasource.org\/magasin\/wp-json\/wp\/v2\/product\/35246"}],"collection":[{"href":"https:\/\/www.epicerie-lasource.org\/magasin\/wp-json\/wp\/v2\/product"}],"about":[{"href":"https:\/\/www.epicerie-lasource.org\/magasin\/wp-json\/wp\/v2\/types\/product"}],"replies":[{"embeddable":true,"href":"https:\/\/www.epicerie-lasource.org\/magasin\/wp-json\/wp\/v2\/comments?post=35246"}],"wp:featuredmedia":[{"embeddable":true,"href":"https:\/\/www.epicerie-lasource.org\/magasin\/wp-json\/wp\/v2\/media\/35360"}],"wp:attachment":[{"href":"https:\/\/www.epicerie-lasource.org\/magasin\/wp-json\/wp\/v2\/media?parent=35246"}],"wp:term":[{"taxonomy":"product_cat","embeddable":true,"href":"https:\/\/www.epicerie-lasource.org\/magasin\/wp-json\/wp\/v2\/product_cat?post=35246"},{"taxonomy":"product_tag","embeddable":true,"href":"https:\/\/www.epicerie-lasource.org\/magasin\/wp-json\/wp\/v2\/product_tag?post=35246"}],"curies":[{"name":"wp","href":"https:\/\/api.w.org\/{rel}","templated":true}]}}