{"id":35244,"date":"2023-02-23T21:13:31","date_gmt":"2023-02-23T20:13:31","guid":{"rendered":"https:\/\/www.epicerie-lasource.org\/magasin\/?post_type=product&#038;p=35244"},"modified":"2026-04-10T16:33:04","modified_gmt":"2026-04-10T14:33:04","slug":"dentifrice-fraicheur-menthol-bio","status":"publish","type":"product","link":"https:\/\/www.epicerie-lasource.org\/magasin\/produit\/dentifrice-fraicheur-menthol-bio\/","title":{"rendered":"Dentifrice fraicheur menthol BIO"},"content":{"rendered":"","protected":false},"excerpt":{"rendered":"<p>L&rsquo;alliance du menthol et de l\u2019huile essentielle de menthe poivr\u00e9e donne au Dentifrice Fra\u00eecheur Coslys son pouvoir <strong>rafra\u00eechissant<\/strong> pour une <strong>meilleure hygi\u00e8ne buccale<\/strong> et \u00e0 une <strong>haleine fra\u00eeche<\/strong>.<\/p>\n<p>Sa <strong>composition minimaliste<\/strong>, compos\u00e9e \u00e0 99% d&rsquo;ingr\u00e9dients d\u2019origine naturelle, ne contient <strong>ni fluor ni dioxyde de titane<\/strong>.<\/p>\n<p>\u2022 <strong>Menthol et menthe poivr\u00e9e<\/strong> : Apporte naturellement un pouvoir rafra\u00eechissant et stimulant.<br \/>\n\u2022 <strong>Aloe vera<\/strong> : Pour ses propri\u00e9t\u00e9s nutritives, r\u00e9g\u00e9n\u00e9ratrices, adoucissantes et protectrices.<\/p>\n<p>Le dentifrice frapicheur Coslys respecte la dentine et l&rsquo;\u00e9mail de vos dents. En effet, l&rsquo;indice RDA est de 56 et permet de garantir un usage sans danger pour le c\u00e9ment, la dentine et l&rsquo;\u00e9mail. L&rsquo;indice RDA permet de mesurer l&rsquo;effet \u00e9rosif des abrasifs du dentifrice. Les valeurs peuvent aller jusqu&rsquo;\u00e0 \u00eatre sup\u00e9rieures \u00e0 250.<\/p>\n<p><strong>INGR\u00c9DIENTS :<\/strong><\/p>\n<div class=\"content\">\n<p><em>Nos formules pouvant \u00eatre amen\u00e9es \u00e0 \u00e9voluer, veuillez-vous reporter \u00e9galement \u00e0 la liste d\u2019ingr\u00e9dients figurant sur l\u2019emballage du produit et faisant seule fois.<\/em><\/p>\n<p>Aqua (water), glycerin, calcium carbonate, cellulose gum, aloe barbadensis leaf juice powder*, xanthan gum,<br \/>\ncarrageenan, mentha piperita (peppermint) oil*,menthol, sodium coco-sulfate, stevia rebaudiana extract, alcohol**, coconut alcohol, sodium sulfate, sodium benzoate.<\/p>\n<p>*Ingr\u00e9dient issu de l&rsquo;Agriculture Biologique<\/p>\n<p><em>** Transform\u00e9 \u00e0 partir d&rsquo;ingr\u00e9dients naturels<\/em><\/p>\n<p><em>99% du total des ingr\u00e9dients sont d&rsquo;origine naturelle<\/em><\/p>\n<p><em>11,5% du total des ingr\u00e9dients sont issus de l&rsquo;Agriculture Biologique<\/em><\/p>\n<\/div>\n","protected":false},"featured_media":35245,"comment_status":"closed","ping_status":"closed","template":"","meta":[],"product_cat":[207],"product_tag":[],"supplier_id":35273,"supplier_sku":"","atum_controlled":true,"out_stock_date":null,"out_stock_threshold":null,"inheritable":false,"inbound_stock":null,"stock_on_hold":0,"sold_today":0,"sales_last_days":3,"out_stock_days":0,"lost_sales":0,"has_location":false,"update_date":"2026-04-13T22:13:13","atum_locations":[],"atum_stock_status":"instock","restock_status":false,"low_stock_amount":"","sales_update_date":"2026-04-13T22:13:13","calc_backorders":0,"_links":{"self":[{"href":"https:\/\/www.epicerie-lasource.org\/magasin\/wp-json\/wp\/v2\/product\/35244"}],"collection":[{"href":"https:\/\/www.epicerie-lasource.org\/magasin\/wp-json\/wp\/v2\/product"}],"about":[{"href":"https:\/\/www.epicerie-lasource.org\/magasin\/wp-json\/wp\/v2\/types\/product"}],"replies":[{"embeddable":true,"href":"https:\/\/www.epicerie-lasource.org\/magasin\/wp-json\/wp\/v2\/comments?post=35244"}],"wp:featuredmedia":[{"embeddable":true,"href":"https:\/\/www.epicerie-lasource.org\/magasin\/wp-json\/wp\/v2\/media\/35245"}],"wp:attachment":[{"href":"https:\/\/www.epicerie-lasource.org\/magasin\/wp-json\/wp\/v2\/media?parent=35244"}],"wp:term":[{"taxonomy":"product_cat","embeddable":true,"href":"https:\/\/www.epicerie-lasource.org\/magasin\/wp-json\/wp\/v2\/product_cat?post=35244"},{"taxonomy":"product_tag","embeddable":true,"href":"https:\/\/www.epicerie-lasource.org\/magasin\/wp-json\/wp\/v2\/product_tag?post=35244"}],"curies":[{"name":"wp","href":"https:\/\/api.w.org\/{rel}","templated":true}]}}