{"id":35231,"date":"2023-02-23T20:23:12","date_gmt":"2023-02-23T19:23:12","guid":{"rendered":"https:\/\/www.epicerie-lasource.org\/magasin\/?post_type=product&#038;p=35231"},"modified":"2026-04-07T11:08:00","modified_gmt":"2026-04-07T09:08:00","slug":"shampooing-antipelliculaire-bio-au-kilo","status":"publish","type":"product","link":"https:\/\/www.epicerie-lasource.org\/magasin\/produit\/shampooing-antipelliculaire-bio-au-kilo\/","title":{"rendered":"Vrac &#8211; Liquide Vaisselle Hypoallerg\u00e9nique BIO &#8211; Au Choix"},"content":{"rendered":"","protected":false},"excerpt":{"rendered":"<ul>\n<li>Hypoallerg\u00e9nique<\/li>\n<li>Sans parfum<\/li>\n<li>Ultra d\u00e9graissant<\/li>\n<li>Vegan et non test\u00e9 sur les animaux<\/li>\n<li>Le<strong> Liquide vaisselle hypoallerg\u00e9nique Etamine du lys<\/strong> a \u00e9t\u00e9 formul\u00e9 sp\u00e9cialement pour les peaux sensibles.<strong>Sans parfum<\/strong> et <strong>sans allerg\u00e8ne<\/strong>, il est id\u00e9al pour tous types de vaisselle.Ce <strong>liquide vaisselle<\/strong> convient parfaitement au <strong>lavage des biberons<\/strong> pour b\u00e9b\u00e9.La base lavante du liquide vaisselle est d&rsquo;origine v\u00e9g\u00e9tale.\n<ol>\n<li>Quelques gouttes sous la chute d&rsquo;eau.<\/li>\n<li>Rincer \u00e0 l&rsquo;eau potable.<\/li>\n<li>S\u00e9chage rapide.<\/li>\n<\/ol>\n<\/li>\n<li>Afin d&rsquo;\u00e9conomiser l&rsquo;eau et l&rsquo;\u00e9nergie tout en lavant efficacement, immerger la vaisselle au lieu de la laver au jet du robinet et respecter les doses de produit recommand\u00e9es. Un lavage efficace ne n\u00e9cessite pas une quantit\u00e9 de mousse importante.\n<ul>\n<li>&lt; 5%\u00a0agents de surface anioniques (coco, palmiste), agents de surface amphot\u00e8res (coco, palmiste), agents de surface non ioniques (c\u00e9r\u00e9ali\u00e8re, sucri\u00e8re), lactic acid (agent de conservation)<\/li>\n<li>Contient aussi\u00a0: eau, sel, s\u00e9questrant.<\/li>\n<\/ul>\n<\/li>\n<li>99% du total des ingr\u00e9dients sont d\u2019origine naturelle<\/li>\n<li>D\u00e9tergent certifi\u00e9 par ECOCERT Greenlife selon le r\u00e9f\u00e9rentiel ECOCERT<\/li>\n<\/ul>\n","protected":false},"featured_media":35235,"comment_status":"closed","ping_status":"closed","template":"","meta":[],"product_cat":[715,324],"product_tag":[],"supplier_id":35273,"supplier_sku":"","atum_controlled":true,"out_stock_date":null,"out_stock_threshold":null,"inheritable":true,"inbound_stock":null,"stock_on_hold":0,"sold_today":0,"sales_last_days":6,"out_stock_days":0,"lost_sales":0,"has_location":false,"update_date":"2026-04-08T22:11:13","atum_locations":[],"atum_stock_status":"onbackorder","restock_status":false,"low_stock_amount":"","sales_update_date":"2026-04-08T22:11:13","calc_backorders":-39.9,"_links":{"self":[{"href":"https:\/\/www.epicerie-lasource.org\/magasin\/wp-json\/wp\/v2\/product\/35231"}],"collection":[{"href":"https:\/\/www.epicerie-lasource.org\/magasin\/wp-json\/wp\/v2\/product"}],"about":[{"href":"https:\/\/www.epicerie-lasource.org\/magasin\/wp-json\/wp\/v2\/types\/product"}],"replies":[{"embeddable":true,"href":"https:\/\/www.epicerie-lasource.org\/magasin\/wp-json\/wp\/v2\/comments?post=35231"}],"wp:featuredmedia":[{"embeddable":true,"href":"https:\/\/www.epicerie-lasource.org\/magasin\/wp-json\/wp\/v2\/media\/35235"}],"wp:attachment":[{"href":"https:\/\/www.epicerie-lasource.org\/magasin\/wp-json\/wp\/v2\/media?parent=35231"}],"wp:term":[{"taxonomy":"product_cat","embeddable":true,"href":"https:\/\/www.epicerie-lasource.org\/magasin\/wp-json\/wp\/v2\/product_cat?post=35231"},{"taxonomy":"product_tag","embeddable":true,"href":"https:\/\/www.epicerie-lasource.org\/magasin\/wp-json\/wp\/v2\/product_tag?post=35231"}],"curies":[{"name":"wp","href":"https:\/\/api.w.org\/{rel}","templated":true}]}}