{"id":35229,"date":"2023-02-23T20:21:50","date_gmt":"2023-02-23T19:21:50","guid":{"rendered":"https:\/\/www.epicerie-lasource.org\/magasin\/?post_type=product&#038;p=35229"},"modified":"2026-02-06T17:34:25","modified_gmt":"2026-02-06T16:34:25","slug":"shampooing-cheveux-secs-abimes-bio-au-kilo","status":"publish","type":"product","link":"https:\/\/www.epicerie-lasource.org\/magasin\/produit\/shampooing-cheveux-secs-abimes-bio-au-kilo\/","title":{"rendered":"VRAC &#8211; Shampooing Cheveux secs &amp; abim\u00e9s BIO &#8211; Au choix"},"content":{"rendered":"","protected":false},"excerpt":{"rendered":"<p>Le <strong>Shampooing\u00a0nutrition intense\u00a0Coslys<\/strong> adoucit et nourrit le cheveu sec. Il est particuli\u00e8rement recommand\u00e9 pour les cheveux fragiles et cassants.<\/p>\n<h2>Enrichi en huile de mirabelle de Lorraine<\/h2>\n<p>La formule de ce <strong>shampoing cheveux tr\u00e8s secs et ab\u00eem\u00e9s<\/strong>\u00a0\u00e0 base d&rsquo;huile de mirabelle de Lorraine donne \u00e9clat et souplesse \u00e0 vos cheveux. Enrichi en huile de mirabelle de Lorraine et en huile de tournesol bio, il lave les cheveux sans les agresser.<\/p>\n<p>Nourris et gain\u00e9s, les cheveux retrouvent souplesse, douceur et brillance.<\/p>\n<p><strong>Un produit Made in France<\/strong>:<\/p>\n<p>Sa formule a \u00e9t\u00e9 <strong>d\u00e9velopp\u00e9e dans notre laboratoire innovation, fabriqu\u00e9 et conditionn\u00e9<\/strong> sur le m\u00eame site en Anjou <strong>\u00e0 Somloire.<\/strong><\/p>\n<p>Ce <strong>produit cosm\u00e9tique bio<\/strong> est labellis\u00e9\u00a0<a href=\"http:\/\/www.cosmebio.org\/\">Cosm\u00e9bio<\/a> et <a href=\"https:\/\/one-voice.fr\/\">One Voice<\/a>. Il a par ailleurs remport\u00e9 le palmar\u00e8s des cosm\u00e9tiques 2009<\/p>\n<div class=\"info-header\">\n<h2 class=\"info-title\">Conseil d&rsquo;utilisation<\/h2>\n<\/div>\n<div class=\"content\">\n<p>Appliquer sur cheveux mouill\u00e9s.<\/p>\n<p>Faire mousser.<\/p>\n<p>Rincer avec une eau ti\u00e8de afin d&rsquo;\u00e9viter la production de s\u00e9bum<\/p>\n<div class=\"info-header\">\n<h2 class=\"info-title\">Ingr\u00e9dients<\/h2>\n<\/div>\n<div class=\"content\">\n<p><em>Nos formules pouvant \u00eatre amen\u00e9es \u00e0 \u00e9voluer, veuillez vous reporter \u00e9galement \u00e0 la liste d\u2019ingr\u00e9dients figurant sur l\u2019emballage du produit et faisant seule fois.<\/em><\/p>\n<p>aqua (water), spiraea ulmaria flower water*, sodium coco-sulfate, cetearyl alcohol, cocamidopropyl betaine, helianthus annuus (sunflower) seed oil*, prunus insititia seed oil, aloe barbadensis leaf juice powder*, coco-glucoside, glyceryl oleate, sclerotium gum, parfum (fragrance), coconut alcohol, guar hydroxypropyltrimonium chloride, sodium sulfate, sodium chloride, citric acid, benzyl alcohol, dehydroacetic acid, potassium hydroxide, geraniol, benzyl salicylate, linalool.<\/p>\n<p>*Ingr\u00e9dients issus de l&rsquo;Agriculture Biologique<\/p>\n<p>98,5% du total des ingr\u00e9dients sont d&rsquo;origine naturelle<\/p>\n<p>14,5% du total des ingr\u00e9dients sont issus de l&rsquo;Agriculture Biologique<\/p>\n<\/div>\n<\/div>\n","protected":false},"featured_media":35230,"comment_status":"closed","ping_status":"closed","template":"","meta":[],"product_cat":[731,715,207],"product_tag":[],"supplier_id":35273,"supplier_sku":"","atum_controlled":true,"out_stock_date":null,"out_stock_threshold":null,"inheritable":true,"inbound_stock":null,"stock_on_hold":0,"sold_today":0,"sales_last_days":0,"out_stock_days":0,"lost_sales":0,"has_location":false,"update_date":"2026-04-14T22:12:18","atum_locations":[],"atum_stock_status":"instock","restock_status":false,"low_stock_amount":"","sales_update_date":"2026-04-14T22:12:18","calc_backorders":0,"_links":{"self":[{"href":"https:\/\/www.epicerie-lasource.org\/magasin\/wp-json\/wp\/v2\/product\/35229"}],"collection":[{"href":"https:\/\/www.epicerie-lasource.org\/magasin\/wp-json\/wp\/v2\/product"}],"about":[{"href":"https:\/\/www.epicerie-lasource.org\/magasin\/wp-json\/wp\/v2\/types\/product"}],"replies":[{"embeddable":true,"href":"https:\/\/www.epicerie-lasource.org\/magasin\/wp-json\/wp\/v2\/comments?post=35229"}],"wp:featuredmedia":[{"embeddable":true,"href":"https:\/\/www.epicerie-lasource.org\/magasin\/wp-json\/wp\/v2\/media\/35230"}],"wp:attachment":[{"href":"https:\/\/www.epicerie-lasource.org\/magasin\/wp-json\/wp\/v2\/media?parent=35229"}],"wp:term":[{"taxonomy":"product_cat","embeddable":true,"href":"https:\/\/www.epicerie-lasource.org\/magasin\/wp-json\/wp\/v2\/product_cat?post=35229"},{"taxonomy":"product_tag","embeddable":true,"href":"https:\/\/www.epicerie-lasource.org\/magasin\/wp-json\/wp\/v2\/product_tag?post=35229"}],"curies":[{"name":"wp","href":"https:\/\/api.w.org\/{rel}","templated":true}]}}