{"id":35227,"date":"2023-02-23T20:19:13","date_gmt":"2023-02-23T19:19:13","guid":{"rendered":"https:\/\/www.epicerie-lasource.org\/magasin\/?post_type=product&#038;p=35227"},"modified":"2026-04-02T16:14:52","modified_gmt":"2026-04-02T14:14:52","slug":"shampooing-ultra-doux-cheveux-normaux-bio-au-kilo","status":"publish","type":"product","link":"https:\/\/www.epicerie-lasource.org\/magasin\/produit\/shampooing-ultra-doux-cheveux-normaux-bio-au-kilo\/","title":{"rendered":"VRAC &#8211; Shampooing Ultra-doux cheveux normaux BIO &#8211; Au kilo"},"content":{"rendered":"","protected":false},"excerpt":{"rendered":"<p>Le <strong>Shampoing\u00a0ultra-doux Coslys<\/strong> associe une base lavante d&rsquo;origine v\u00e9g\u00e9tale \u00e0 de l&rsquo;<a href=\"http:\/\/www.coslys.fr\/notre-expertise\/nos-actifs\" target=\"_blank\" rel=\"noopener\">eau florale de reine des pr\u00e9s bio<\/a>. La reine des pr\u00e9s est r\u00e9put\u00e9e pour \u00eatre riche en compos\u00e9s salicyliques, et poss\u00e8de des vertus anti-inflammatoires, apaisantes et calmantes.<\/p>\n<p>Sa formule contient de l&rsquo;huile de jojoba, qui nourrissent les cheveux et les rendent brillants. De son c\u00f4t\u00e9, le peptide de bl\u00e9 qui r\u00e9pare et renforce la fibre capillaire.<\/p>\n<p>Le shampoing ultra-doux Coslys facilite le d\u00e9m\u00ealage et redonne brillance et l\u00e9g\u00e8ret\u00e9 \u00e0 la chevelure.<\/p>\n<h2>S&rsquo;adapte \u00e0 tous<\/h2>\n<p>Id\u00e9al pour un usage quotidien, ce <strong>shampoing pour cheveux normaux<\/strong>\u00a0respecte les cheveux pour un lavage en douceur. Pratique, il <strong>convient \u00e0 tous types de cheveux<\/strong> : courts ou longs, boucl\u00e9s ou raides, fins ou \u00e9pais&#8230; Et en plus, toute la famille peut l&rsquo;utiliser !<\/p>\n<p>Un produit Made in France :<\/p>\n<p>Sa formule<strong> a \u00e9t\u00e9 d\u00e9velopp\u00e9e dans notre laboratoire innovation, fabriqu\u00e9 et conditionn\u00e9<\/strong> sur le m\u00eame site en Anjou <strong>\u00e0 Somloire.<\/strong><\/p>\n<p>Ce <strong>produit cosm\u00e9tique bio<\/strong> est labellis\u00e9\u00a0<a href=\"http:\/\/www.cosmebio.org\/\">Cosm\u00e9bio<\/a> et <a href=\"https:\/\/one-voice.fr\/\">One Voice<\/a>.<\/p>\n<p>Le Shampoing pour cheveux normaux Coslys est le produit id\u00e9al pour alterner avec les shampoings sp\u00e9cifiques.<\/p>\n<div class=\"info-header\">\n<h2 class=\"info-title\"><i class=\"icon-utilisation\"><\/i>Conseil d&rsquo;utilisation<\/h2>\n<\/div>\n<div class=\"content\">\n<p>Appliquer sur cheveux mouill\u00e9s.<\/p>\n<p>Faire mousser.<\/p>\n<p>Rincer avec une eau ti\u00e8de afin d&rsquo;\u00e9viter la production de s\u00e9bum.<\/p>\n<div class=\"info-header\">\n<h2 class=\"info-title\">Ingr\u00e9dients<\/h2>\n<\/div>\n<div class=\"content\">\n<p><em>Nos formules pouvant \u00eatre amen\u00e9es \u00e0 \u00e9voluer, veuillez vous reporter \u00e9galement \u00e0 la liste d\u2019ingr\u00e9dients figurant sur l\u2019emballage du produit et faisant seule fois.<\/em><\/p>\n<p>Aqua (water), spiraeaulmariaflower water*, sodium coco-sulfate, cocamidopropylbetaine, decyl glucoside, sodium chloride, coco-glucoside, glyceryloleate, aloebarbadensisleafjuicepowder*, simmondsiachinensis (jojoba) seedoil*, hydrolyzedwheatprotein, parfum (fragrance), coconutalcohol, guarhydroxypropyltrimoniumchloride, sodium sulfate, dehydroaceticacid, sodium benzoate, citricacid, benzylalcohol, potassium hydroxide, linalool, limonene, geraniol<\/p>\n<p><em>*Ingr\u00e9dients issu de l&rsquo;Agriculture Biologique<\/em><\/p>\n<div><em>97,5% du total des ingr\u00e9dients sont d&rsquo;origine naturelle<\/em><\/div>\n<div><em>11,5% du total des ingr\u00e9dients sont issus de l&rsquo;Agriculture Biologique<\/em><\/div>\n<\/div>\n<\/div>\n","protected":false},"featured_media":35228,"comment_status":"closed","ping_status":"closed","template":"","meta":[],"product_cat":[731,715,207],"product_tag":[],"supplier_id":35273,"supplier_sku":"","atum_controlled":true,"out_stock_date":null,"out_stock_threshold":null,"inheritable":false,"inbound_stock":null,"stock_on_hold":0,"sold_today":0,"sales_last_days":1,"out_stock_days":0,"lost_sales":0,"has_location":false,"update_date":"2026-04-14T22:12:12","atum_locations":[],"atum_stock_status":"onbackorder","restock_status":false,"low_stock_amount":"","sales_update_date":"2026-04-14T22:12:12","calc_backorders":-5.405,"_links":{"self":[{"href":"https:\/\/www.epicerie-lasource.org\/magasin\/wp-json\/wp\/v2\/product\/35227"}],"collection":[{"href":"https:\/\/www.epicerie-lasource.org\/magasin\/wp-json\/wp\/v2\/product"}],"about":[{"href":"https:\/\/www.epicerie-lasource.org\/magasin\/wp-json\/wp\/v2\/types\/product"}],"replies":[{"embeddable":true,"href":"https:\/\/www.epicerie-lasource.org\/magasin\/wp-json\/wp\/v2\/comments?post=35227"}],"wp:featuredmedia":[{"embeddable":true,"href":"https:\/\/www.epicerie-lasource.org\/magasin\/wp-json\/wp\/v2\/media\/35228"}],"wp:attachment":[{"href":"https:\/\/www.epicerie-lasource.org\/magasin\/wp-json\/wp\/v2\/media?parent=35227"}],"wp:term":[{"taxonomy":"product_cat","embeddable":true,"href":"https:\/\/www.epicerie-lasource.org\/magasin\/wp-json\/wp\/v2\/product_cat?post=35227"},{"taxonomy":"product_tag","embeddable":true,"href":"https:\/\/www.epicerie-lasource.org\/magasin\/wp-json\/wp\/v2\/product_tag?post=35227"}],"curies":[{"name":"wp","href":"https:\/\/api.w.org\/{rel}","templated":true}]}}