{"id":35225,"date":"2023-02-23T20:18:04","date_gmt":"2023-02-23T19:18:04","guid":{"rendered":"https:\/\/www.epicerie-lasource.org\/magasin\/?post_type=product&#038;p=35225"},"modified":"2026-01-18T09:19:19","modified_gmt":"2026-01-18T08:19:19","slug":"gel-douche-verveine-citron-bio-au-kilo","status":"publish","type":"product","link":"https:\/\/www.epicerie-lasource.org\/magasin\/produit\/gel-douche-verveine-citron-bio-au-kilo\/","title":{"rendered":"VRAC &#8211; Gel douche Verveine Citron BIO &#8211; Au kilo"},"content":{"rendered":"","protected":false},"excerpt":{"rendered":"<p>Pour un moment de douceur et de plaisir sous la douche ou dans le bain, Coslys a associ\u00e9 \u00e0 <strong>l\u2019aloe vera bio et \u00e0 l&rsquo;eau florale de reine des pr\u00e9s bio<\/strong>, les notes vivifiantes et gourmandes du <strong>citron et la verveine<\/strong>.<\/p>\n<p>Ce produit de cosm\u00e9tique bio est formul\u00e9 \u00e0 <strong>pH physiologique avec une base lavante d\u2019origine v\u00e9g\u00e9tale sans savon.<\/strong> Ce gel douche bio nettoie en douceur et vous enveloppe d&rsquo;une mousse au parfum d\u00e9licieusement acidul\u00e9.<\/p>\n<p>Pour prendre soin de votre peau, pensez \u00e0 effectuer une fois par semaine un gommage corporel.<\/p>\n<h2>Plaisir &amp; vitalit\u00e9<\/h2>\n<p>Transformez votre douche en un moment de pur plaisir ! Id\u00e9al pour commencer la journ\u00e9e en beaut\u00e9 !<\/p>\n<ul>\n<li>Contient de l\u2019alo\u00e9 vera et un extrait de verveine exotique<\/li>\n<li>Parfum 100% d\u2019origine naturelle aux notes fruit\u00e9es et acidul\u00e9es<\/li>\n<li>Formul\u00e9 sans savon<\/li>\n<li>pH neutre pour la peau<\/li>\n<li>\n<div class=\"info-header\">\n<h2 class=\"info-title\">Conseil d&rsquo;utilisation<\/h2>\n<\/div>\n<div class=\"content\">\n<p>Appliquer sur peau humide.<\/p>\n<p>Faire mousser puis rincer.<\/p>\n<p>En cas de contact avec les yeux, rincer abondamment \u00e0 l&rsquo;eau claire.<\/p>\n<div id=\"more_ingredients\" class=\"custom-more-info ingredients\">\n<div class=\"info-header\">\n<h2 class=\"info-title\"><i class=\"icon-ingredients\"><\/i>Ingredients<\/h2>\n<\/div>\n<div class=\"content\">\n<p><em>Nos formules pouvant \u00eatre amen\u00e9es \u00e0 \u00e9voluer, veuillez-vous reporter \u00e9galement \u00e0 la liste d\u2019ingr\u00e9dients figurant sur l\u2019emballage du produit et faisant seule fois.<\/em><\/p>\n<p>Aqua (water), sodium coco-sulfate, decyl glucoside, cocamidopropyl betaine, spiraea ulmaria flower water*, glycerin, sodium chloride, litsea cubeba fruit oil*, aloe barbadensis leaf juice powder*, parfum (fragrance), coconut alcohol, sodium sulfate, citric acid, benzyl alcohol, dehydroacetic acid, citral, limonene.<\/p>\n<p><em>*Ingr\u00e9dients issu de l&rsquo;Agriculture Biologique<\/em><\/p>\n<p><em>97,5% du total des ingr\u00e9dients sont d&rsquo;origine naturelle <\/em><\/p>\n<p><em>10,5% du total des ingr\u00e9dients sont issus de l&rsquo;Agriculture Biologique<\/em><\/p>\n<\/div>\n<\/div>\n<\/div>\n<\/li>\n<\/ul>\n","protected":false},"featured_media":35226,"comment_status":"closed","ping_status":"closed","template":"","meta":[],"product_cat":[715,207],"product_tag":[],"supplier_id":35273,"supplier_sku":"","atum_controlled":true,"out_stock_date":null,"out_stock_threshold":null,"inheritable":false,"inbound_stock":null,"stock_on_hold":0,"sold_today":0,"sales_last_days":0,"out_stock_days":0,"lost_sales":0,"has_location":false,"update_date":"2026-04-14T22:11:16","atum_locations":[],"atum_stock_status":"onbackorder","restock_status":false,"low_stock_amount":"","sales_update_date":"2026-04-14T22:11:16","calc_backorders":-7.495,"_links":{"self":[{"href":"https:\/\/www.epicerie-lasource.org\/magasin\/wp-json\/wp\/v2\/product\/35225"}],"collection":[{"href":"https:\/\/www.epicerie-lasource.org\/magasin\/wp-json\/wp\/v2\/product"}],"about":[{"href":"https:\/\/www.epicerie-lasource.org\/magasin\/wp-json\/wp\/v2\/types\/product"}],"replies":[{"embeddable":true,"href":"https:\/\/www.epicerie-lasource.org\/magasin\/wp-json\/wp\/v2\/comments?post=35225"}],"wp:featuredmedia":[{"embeddable":true,"href":"https:\/\/www.epicerie-lasource.org\/magasin\/wp-json\/wp\/v2\/media\/35226"}],"wp:attachment":[{"href":"https:\/\/www.epicerie-lasource.org\/magasin\/wp-json\/wp\/v2\/media?parent=35225"}],"wp:term":[{"taxonomy":"product_cat","embeddable":true,"href":"https:\/\/www.epicerie-lasource.org\/magasin\/wp-json\/wp\/v2\/product_cat?post=35225"},{"taxonomy":"product_tag","embeddable":true,"href":"https:\/\/www.epicerie-lasource.org\/magasin\/wp-json\/wp\/v2\/product_tag?post=35225"}],"curies":[{"name":"wp","href":"https:\/\/api.w.org\/{rel}","templated":true}]}}