{"id":35223,"date":"2023-02-23T20:16:15","date_gmt":"2023-02-23T19:16:15","guid":{"rendered":"https:\/\/www.epicerie-lasource.org\/magasin\/?post_type=product&#038;p=35223"},"modified":"2026-03-08T10:55:18","modified_gmt":"2026-03-08T09:55:18","slug":"gel-douche-protecteur-olive-bio-au-kilo","status":"publish","type":"product","link":"https:\/\/www.epicerie-lasource.org\/magasin\/produit\/gel-douche-protecteur-olive-bio-au-kilo\/","title":{"rendered":"VRAC &#8211; Gel douche protecteur Olive BIO &#8211; Au choix"},"content":{"rendered":"","protected":false},"excerpt":{"rendered":"<p>Le <strong>Gel douche protecteur olive Coslys<\/strong> nettoie tout en douceur et est adapt\u00e9 \u00e0 toute la famille.<\/p>\n<h2>Sans savon<\/h2>\n<p>Ce <strong>gel douche <\/strong>lib\u00e8re un<strong> parfum p\u00e9tillant<\/strong> et une<strong> mousse fine<\/strong> qui laisse votre peau douce et d\u00e9licatement parfum\u00e9e.<\/p>\n<p>&nbsp;<\/p>\n<p>Emballage \u00e9co-con\u00e7u:<\/p>\n<p>Les flacons de 1L sont en <strong>plastique 100% recycl\u00e9, recyclable et rechargeable<\/strong> dans les magasins bio disposant de l\u2019offre <strong>en vrac.<\/strong><\/p>\n<p>Un produit Made in France :<\/p>\n<p>La formule du Gel douche protecteur est <strong>d\u00e9velopp\u00e9e dans notre laboratoire innovation, fabriqu\u00e9e et conditionn\u00e9e<\/strong> sur le m\u00eame site en Anjou<strong> \u00e0 Somloire.<\/strong><\/p>\n<p>La biod\u00e9gradabilit\u00e9 de ce gel douche protecteur bio a \u00e9t\u00e9 mesur\u00e9e via un test OCDE 302B et permet de vous garantir une d\u00e9gradation \u00e0 93% de la formule non dilu\u00e9e.<\/p>\n<p>Ce <strong>produit cosm\u00e9tique bio<\/strong> est labellis\u00e9\u00a0<a href=\"http:\/\/www.cosmebio.org\/\">Cosm\u00e9bio<\/a> et <a href=\"https:\/\/one-voice.fr\/\">One Voice<\/a>.<\/p>\n<div id=\"more_utilisation\" class=\"custom-more-info utilisation\">\n<div class=\"info-header\">\n<h2 class=\"info-title\"><i class=\"icon-utilisation\"><\/i>Conseil d&rsquo;utilisation<\/h2>\n<\/div>\n<div class=\"content\">\n<p>Appliquer sur peau humide.<\/p>\n<p>Faire mousser.<\/p>\n<p>Rincer abondamment.<\/p>\n<div class=\"info-header\">\n<h2 class=\"info-title\">Ingr\u00e9dients<\/h2>\n<\/div>\n<div class=\"content\">\n<p><em>Nos formules pouvant \u00eatre amen\u00e9es \u00e0 \u00e9voluer, veuillez-vous reporter \u00e9galement \u00e0 la liste d\u2019ingr\u00e9dients figurant sur l\u2019emballage du produit et faisant seule fois.<\/em><\/p>\n<p>Aqua (water), spiraea ulmaria flower water*, sodium coco-sulfate, cocamidopropyl betaine, decyl glucoside, sodium chloride, glycerin, mel (honey)*, aloe barbadensis leaf juice powder*, olea europaea (olive) fruit oil*, glyceryl oleate, coco-glucoside, parfum (fragrance), coconut alcohol, sodium sulfate, dehydroacetic acid, benzyl alcohol, citric acid, sodium dehydroacetate, linalool, limonene, geraniol.<\/p>\n<p><em>*Ingr\u00e9dients issus de l&rsquo;Agriculture Biologique<\/em><\/p>\n<p><em>97,5% du total des ingr\u00e9dients sont d&rsquo;origine naturelle <\/em><br \/>\n<em>13% du total des ingr\u00e9dients sont issus de l&rsquo;Agriculture Biologique<\/em><\/p>\n<\/div>\n<\/div>\n<\/div>\n","protected":false},"featured_media":35224,"comment_status":"closed","ping_status":"closed","template":"","meta":[],"product_cat":[715,207],"product_tag":[],"supplier_id":35273,"supplier_sku":"","atum_controlled":true,"out_stock_date":null,"out_stock_threshold":null,"inheritable":true,"inbound_stock":null,"stock_on_hold":0,"sold_today":0,"sales_last_days":0,"out_stock_days":0,"lost_sales":0,"has_location":false,"update_date":"2026-04-12T22:12:29","atum_locations":[],"atum_stock_status":"onbackorder","restock_status":false,"low_stock_amount":"","sales_update_date":"2026-04-12T22:12:29","calc_backorders":-7.056,"_links":{"self":[{"href":"https:\/\/www.epicerie-lasource.org\/magasin\/wp-json\/wp\/v2\/product\/35223"}],"collection":[{"href":"https:\/\/www.epicerie-lasource.org\/magasin\/wp-json\/wp\/v2\/product"}],"about":[{"href":"https:\/\/www.epicerie-lasource.org\/magasin\/wp-json\/wp\/v2\/types\/product"}],"replies":[{"embeddable":true,"href":"https:\/\/www.epicerie-lasource.org\/magasin\/wp-json\/wp\/v2\/comments?post=35223"}],"wp:featuredmedia":[{"embeddable":true,"href":"https:\/\/www.epicerie-lasource.org\/magasin\/wp-json\/wp\/v2\/media\/35224"}],"wp:attachment":[{"href":"https:\/\/www.epicerie-lasource.org\/magasin\/wp-json\/wp\/v2\/media?parent=35223"}],"wp:term":[{"taxonomy":"product_cat","embeddable":true,"href":"https:\/\/www.epicerie-lasource.org\/magasin\/wp-json\/wp\/v2\/product_cat?post=35223"},{"taxonomy":"product_tag","embeddable":true,"href":"https:\/\/www.epicerie-lasource.org\/magasin\/wp-json\/wp\/v2\/product_tag?post=35223"}],"curies":[{"name":"wp","href":"https:\/\/api.w.org\/{rel}","templated":true}]}}