{"id":35221,"date":"2023-02-23T20:11:51","date_gmt":"2023-02-23T19:11:51","guid":{"rendered":"https:\/\/www.epicerie-lasource.org\/magasin\/?post_type=product&#038;p=35221"},"modified":"2026-03-25T21:08:46","modified_gmt":"2026-03-25T20:08:46","slug":"gel-douche-lavant-neutre-hypoallergenique-bio-au-kilo","status":"publish","type":"product","link":"https:\/\/www.epicerie-lasource.org\/magasin\/produit\/gel-douche-lavant-neutre-hypoallergenique-bio-au-kilo\/","title":{"rendered":"VRAC &#8211; Gel douche lavant neutre Hypoallerg\u00e9nique BIO &#8211; Au kilo"},"content":{"rendered":"<div id=\"more_conseils\" class=\"custom-more-info conseils\">\n<div class=\"info-header\">\n<h2 class=\"info-title\"><i class=\"icon-conseils\"><\/i>Astuces<\/h2>\n<\/div>\n<div class=\"content\">\n<p>C&rsquo;est une base id\u00e9al pour r\u00e9aliser vos cosm\u00e9tiques maison. personnalis\u00e9 avec des huiles essentielles, un parfum naturel ou des actifs naturels. Fabriqu\u00e9 votre gel douche maison ou votre shampooing maison.<\/p>\n<\/div>\n<\/div>\n","protected":false},"excerpt":{"rendered":"<p>Test\u00e9 sous contr\u00f4le dermatologique, le <strong>Gel lavant neutre\u00a0Coslys<\/strong> respecte les \u00e9pidermes les plus fragiles.<\/p>\n<p>Sa formule, riche en ingr\u00e9dients essentiels, contient une <strong>base lavante douce<\/strong> et des extraits v\u00e9g\u00e9taux apaisants et protecteurs.<\/p>\n<h2>Sans parfum<\/h2>\n<p>Ce <strong>Gel lavant neutre sans savon<\/strong> est id\u00e9al pour le visage, le corps, les cheveux ou les mains. Il est \u00e9galement adapt\u00e9 \u00e0 toute la famille y compris pour l&rsquo;hygi\u00e8ne du b\u00e9b\u00e9.<\/p>\n<p>Emballage \u00e9co-con\u00e7u:<\/p>\n<p>Son flacon en<strong> plastique 100% recycl\u00e9 et recyclable est rechargeable en magasin.<\/strong><\/p>\n<p><strong>Un produit Made in France:<\/strong><\/p>\n<p>&gt; Sa formule a \u00e9t\u00e9 d\u00e9velopp\u00e9e dans notre laboratoire innovation, fabriqu\u00e9 et conditionn\u00e9 sur le m\u00eame site <strong>en Anjou \u00e0 Somloire.<\/strong><\/p>\n<p>&gt; Le pack est <strong>100% fran\u00e7ais<\/strong> (flacon et \u00e9tiquette).<\/p>\n<p>&nbsp;<\/p>\n<p>Ce <strong>produit cosm\u00e9tique bio<\/strong> est labellis\u00e9\u00a0<a href=\"http:\/\/www.cosmebio.org\/\">Cosm\u00e9bio<\/a> et <a href=\"https:\/\/one-voice.fr\/\">One Voice<\/a>.<\/p>\n<div id=\"more_utilisation\" class=\"custom-more-info utilisation\">\n<div class=\"info-header\">\n<h2 class=\"info-title\"><i class=\"icon-utilisation\"><\/i>Conseil d&rsquo;utilisation<\/h2>\n<\/div>\n<div class=\"content\">\n<p>Appliquer sur peau humide.<\/p>\n<p>Faire mousser.<\/p>\n<p>Rincer abondamment.<\/p>\n<p>En cas de contact avec les yeux, rincer abondamment \u00e0 l&rsquo;eau claire.<\/p>\n<div id=\"more_ingredients\" class=\"custom-more-info ingredients\">\n<div class=\"info-header\">\n<h2 class=\"info-title\"><i class=\"icon-ingredients\"><\/i>Ingredients<\/h2>\n<\/div>\n<div class=\"content\">\n<p><em>Nos formules pouvant \u00eatre amen\u00e9es \u00e0 \u00e9voluer, veuillez-vous reporter \u00e9galement \u00e0 la liste d\u2019ingr\u00e9dients figurant sur l\u2019emballage du produit et faisant seule fois.<\/em><\/p>\n<p>Aqua (water), citrus aurantium amara (bitter orange) flower water**, sodium cocoyl glutamate, sodium cocoamphoacetate, glycerin, polyglyceryl-4 caprate, sodium chloride, citric acid, xanthan gum, aloe barbadensis leaf juice powder**, sodium dehydroacetate, sodium benzoate<\/p>\n<p><em>*Ingr\u00e9dients issus de l&rsquo;Agriculture Biologique<br \/>\n<\/em><\/p>\n<p><em>97,5% du total des ingr\u00e9dients sont d&rsquo;origine naturelle<\/em><\/p>\n<p><em>11% du total des ingr\u00e9dients sont issus de l&rsquo;Agriculture Biologique<\/em><\/p>\n<\/div>\n<\/div>\n<\/div>\n<\/div>\n<p>&nbsp;<\/p>\n<p>*Sans tensio-actifs sulfat\u00e9s<\/p>\n","protected":false},"featured_media":35222,"comment_status":"closed","ping_status":"closed","template":"","meta":[],"product_cat":[715,207],"product_tag":[],"supplier_id":35273,"supplier_sku":"","atum_controlled":true,"out_stock_date":"2026-03-25 20:08:46","out_stock_threshold":null,"inheritable":false,"inbound_stock":null,"stock_on_hold":0,"sold_today":0,"sales_last_days":1,"out_stock_days":19,"lost_sales":20.194285714286,"has_location":false,"update_date":"2026-04-13T22:13:42","atum_locations":[],"atum_stock_status":"onbackorder","restock_status":false,"low_stock_amount":"","sales_update_date":"2026-04-13T22:13:42","calc_backorders":0,"_links":{"self":[{"href":"https:\/\/www.epicerie-lasource.org\/magasin\/wp-json\/wp\/v2\/product\/35221"}],"collection":[{"href":"https:\/\/www.epicerie-lasource.org\/magasin\/wp-json\/wp\/v2\/product"}],"about":[{"href":"https:\/\/www.epicerie-lasource.org\/magasin\/wp-json\/wp\/v2\/types\/product"}],"replies":[{"embeddable":true,"href":"https:\/\/www.epicerie-lasource.org\/magasin\/wp-json\/wp\/v2\/comments?post=35221"}],"wp:featuredmedia":[{"embeddable":true,"href":"https:\/\/www.epicerie-lasource.org\/magasin\/wp-json\/wp\/v2\/media\/35222"}],"wp:attachment":[{"href":"https:\/\/www.epicerie-lasource.org\/magasin\/wp-json\/wp\/v2\/media?parent=35221"}],"wp:term":[{"taxonomy":"product_cat","embeddable":true,"href":"https:\/\/www.epicerie-lasource.org\/magasin\/wp-json\/wp\/v2\/product_cat?post=35221"},{"taxonomy":"product_tag","embeddable":true,"href":"https:\/\/www.epicerie-lasource.org\/magasin\/wp-json\/wp\/v2\/product_tag?post=35221"}],"curies":[{"name":"wp","href":"https:\/\/api.w.org\/{rel}","templated":true}]}}