{"id":34934,"date":"2024-12-26T11:01:30","date_gmt":"2024-12-26T10:01:30","guid":{"rendered":"https:\/\/www.epicerie-lasource.org\/magasin\/?post_type=product&#038;p=34934"},"modified":"2026-04-27T06:23:06","modified_gmt":"2026-04-27T04:23:06","slug":"comte-aop-1-an-dage-500g","status":"publish","type":"product","link":"https:\/\/www.epicerie-lasource.org\/magasin\/produit\/comte-aop-1-an-dage-500g\/","title":{"rendered":"Comt\u00e9 AOP  fort des rousses- 1 an d&rsquo;\u00e2ge &#8211; 500g"},"content":{"rendered":"","protected":false},"excerpt":{"rendered":"<p><strong>Fromage fabriqu\u00e9 au lait cru de vache, \u00e0 p\u00e2te press\u00e9e cuite et sal\u00e9e en surface, \u00e0 cro\u00fbte frott\u00e9e, solide et gren\u00e9e, de couleur jaune dor\u00e9e \u00e0 brun.<br \/>\n<\/strong><\/p>\n<p>Un Comt\u00e9 AOP fabriqu\u00e9 dans le Massif Jurassien s\u00e9lectionn\u00e9 parmi les trente deux fruiti\u00e8res des Fromageries Arnaud. Il est ensuite affin\u00e9 12 mois minimum dans les magnifiques caves d&rsquo;affinage du Fort des Rousses, lui garantissant un go\u00fbt incomparable.<br \/>\nUne temp\u00e9rature constante, une hygrom\u00e9trie parfaite, des vo\u00fbtes de pierres uniques et majestueuses conf\u00e8rent au Fort des Rousses Juraflore son caract\u00e8re exceptionnel. Pour vous, dans l&rsquo;ombre secr\u00e8te des caves, s&rsquo;affirment les meilleures saveurs de nos fromages de montagne.<\/p>\n<p><b>Affinage<\/b> : 12 mois minimum<br \/>\n<b>Go\u00fbt<\/b> : Franc &#8211; fruit\u00e9<\/p>\n<p><strong>Prix au Kilo : 32,21\u20ac\/kg<\/strong><\/p>\n","protected":false},"featured_media":34936,"comment_status":"closed","ping_status":"closed","template":"","meta":[],"product_cat":[710,25],"product_tag":[],"supplier_id":null,"supplier_sku":"","atum_controlled":false,"out_stock_date":null,"out_stock_threshold":null,"inheritable":false,"inbound_stock":null,"stock_on_hold":1,"sold_today":0,"sales_last_days":6,"out_stock_days":0,"lost_sales":0,"has_location":false,"update_date":"2026-04-30T13:57:23","atum_locations":[],"atum_stock_status":"instock","restock_status":false,"low_stock_amount":"","sales_update_date":"2026-04-30T13:57:23","calc_backorders":null,"_links":{"self":[{"href":"https:\/\/www.epicerie-lasource.org\/magasin\/wp-json\/wp\/v2\/product\/34934"}],"collection":[{"href":"https:\/\/www.epicerie-lasource.org\/magasin\/wp-json\/wp\/v2\/product"}],"about":[{"href":"https:\/\/www.epicerie-lasource.org\/magasin\/wp-json\/wp\/v2\/types\/product"}],"replies":[{"embeddable":true,"href":"https:\/\/www.epicerie-lasource.org\/magasin\/wp-json\/wp\/v2\/comments?post=34934"}],"wp:featuredmedia":[{"embeddable":true,"href":"https:\/\/www.epicerie-lasource.org\/magasin\/wp-json\/wp\/v2\/media\/34936"}],"wp:attachment":[{"href":"https:\/\/www.epicerie-lasource.org\/magasin\/wp-json\/wp\/v2\/media?parent=34934"}],"wp:term":[{"taxonomy":"product_cat","embeddable":true,"href":"https:\/\/www.epicerie-lasource.org\/magasin\/wp-json\/wp\/v2\/product_cat?post=34934"},{"taxonomy":"product_tag","embeddable":true,"href":"https:\/\/www.epicerie-lasource.org\/magasin\/wp-json\/wp\/v2\/product_tag?post=34934"}],"curies":[{"name":"wp","href":"https:\/\/api.w.org\/{rel}","templated":true}]}}