{"id":34931,"date":"2024-12-26T11:01:30","date_gmt":"2024-12-26T10:01:30","guid":{"rendered":"https:\/\/www.epicerie-lasource.org\/magasin\/?post_type=product&#038;p=34931"},"modified":"2026-04-27T06:22:57","modified_gmt":"2026-04-27T04:22:57","slug":"comte-aop-juraflore-luxe-8-mois-500g","status":"publish","type":"product","link":"https:\/\/www.epicerie-lasource.org\/magasin\/produit\/comte-aop-juraflore-luxe-8-mois-500g\/","title":{"rendered":"Comt\u00e9 AOP  Juraflore Luxe &#8211; 8 Mois- 500g"},"content":{"rendered":"","protected":false},"excerpt":{"rendered":"<p><strong>Comt\u00e9 AOP de 8 mois d&rsquo;affinage minimum<\/strong><\/p>\n<p>Il est fabriqu\u00e9 uniquement sur les hauts plateaux du massif jurassien aux riches p\u00e2turages parsem\u00e9s d&rsquo;innombrables fleurs odorantes et entour\u00e9s de bois de sapins.<br \/>\nAffinage traditionnel dans nos caves Juraflore.<br \/>\nGo\u00fbt subtil de noisette et fruit\u00e9.<\/p>\n<p><b>Affinage<\/b> : 8 mois minimum<br \/>\n<b>Go\u00fbt<\/b> : Fruit\u00e9<br \/>\n<b>Qualit\u00e9<\/b> : Bande verte (note attribu\u00e9e par l&rsquo;affineur et contr\u00f4l\u00e9e par un jury de professionnels).<\/p>\n<p><strong>Prix au Kilo : 31,19\u20ac\/kg<\/strong><\/p>\n","protected":false},"featured_media":34932,"comment_status":"closed","ping_status":"closed","template":"","meta":[],"product_cat":[710,25],"product_tag":[],"supplier_id":null,"supplier_sku":"","atum_controlled":false,"out_stock_date":null,"out_stock_threshold":null,"inheritable":false,"inbound_stock":null,"stock_on_hold":0,"sold_today":0,"sales_last_days":5,"out_stock_days":0,"lost_sales":0,"has_location":false,"update_date":"2026-04-28T22:23:29","atum_locations":[],"atum_stock_status":"instock","restock_status":false,"low_stock_amount":"","sales_update_date":"2026-04-28T22:23:29","calc_backorders":null,"_links":{"self":[{"href":"https:\/\/www.epicerie-lasource.org\/magasin\/wp-json\/wp\/v2\/product\/34931"}],"collection":[{"href":"https:\/\/www.epicerie-lasource.org\/magasin\/wp-json\/wp\/v2\/product"}],"about":[{"href":"https:\/\/www.epicerie-lasource.org\/magasin\/wp-json\/wp\/v2\/types\/product"}],"replies":[{"embeddable":true,"href":"https:\/\/www.epicerie-lasource.org\/magasin\/wp-json\/wp\/v2\/comments?post=34931"}],"wp:featuredmedia":[{"embeddable":true,"href":"https:\/\/www.epicerie-lasource.org\/magasin\/wp-json\/wp\/v2\/media\/34932"}],"wp:attachment":[{"href":"https:\/\/www.epicerie-lasource.org\/magasin\/wp-json\/wp\/v2\/media?parent=34931"}],"wp:term":[{"taxonomy":"product_cat","embeddable":true,"href":"https:\/\/www.epicerie-lasource.org\/magasin\/wp-json\/wp\/v2\/product_cat?post=34931"},{"taxonomy":"product_tag","embeddable":true,"href":"https:\/\/www.epicerie-lasource.org\/magasin\/wp-json\/wp\/v2\/product_tag?post=34931"}],"curies":[{"name":"wp","href":"https:\/\/api.w.org\/{rel}","templated":true}]}}