{"id":34374,"date":"2023-01-24T12:35:17","date_gmt":"2023-01-24T11:35:17","guid":{"rendered":"https:\/\/www.epicerie-lasource.org\/magasin\/?post_type=product&#038;p=34374"},"modified":"2026-05-07T17:04:41","modified_gmt":"2026-05-07T15:04:41","slug":"vrac-penne-demi-complete-iris-bio","status":"publish","type":"product","link":"https:\/\/www.epicerie-lasource.org\/magasin\/produit\/vrac-penne-demi-complete-iris-bio\/","title":{"rendered":"Vrac- P\u00e2tes Penne Demi-Compl\u00e8te Iris Bio"},"content":{"rendered":"","protected":false},"excerpt":{"rendered":"<p>Penne Demi-Compl\u00e8te BIO &lsquo;IRIS&rsquo; VRAC au choix.<\/p>\n","protected":false},"featured_media":34378,"comment_status":"closed","ping_status":"closed","template":"","meta":[],"product_cat":[715,63,700],"product_tag":[],"supplier_id":null,"supplier_sku":"","atum_controlled":true,"out_stock_date":null,"out_stock_threshold":null,"inheritable":true,"inbound_stock":null,"stock_on_hold":0,"sold_today":0,"sales_last_days":10,"out_stock_days":0,"lost_sales":0,"has_location":false,"update_date":"2026-05-08T22:30:39","atum_locations":[],"atum_stock_status":"onbackorder","restock_status":false,"low_stock_amount":"","sales_update_date":"2026-05-08T22:30:39","calc_backorders":-86.29,"_links":{"self":[{"href":"https:\/\/www.epicerie-lasource.org\/magasin\/wp-json\/wp\/v2\/product\/34374"}],"collection":[{"href":"https:\/\/www.epicerie-lasource.org\/magasin\/wp-json\/wp\/v2\/product"}],"about":[{"href":"https:\/\/www.epicerie-lasource.org\/magasin\/wp-json\/wp\/v2\/types\/product"}],"replies":[{"embeddable":true,"href":"https:\/\/www.epicerie-lasource.org\/magasin\/wp-json\/wp\/v2\/comments?post=34374"}],"wp:featuredmedia":[{"embeddable":true,"href":"https:\/\/www.epicerie-lasource.org\/magasin\/wp-json\/wp\/v2\/media\/34378"}],"wp:attachment":[{"href":"https:\/\/www.epicerie-lasource.org\/magasin\/wp-json\/wp\/v2\/media?parent=34374"}],"wp:term":[{"taxonomy":"product_cat","embeddable":true,"href":"https:\/\/www.epicerie-lasource.org\/magasin\/wp-json\/wp\/v2\/product_cat?post=34374"},{"taxonomy":"product_tag","embeddable":true,"href":"https:\/\/www.epicerie-lasource.org\/magasin\/wp-json\/wp\/v2\/product_tag?post=34374"}],"curies":[{"name":"wp","href":"https:\/\/api.w.org\/{rel}","templated":true}]}}