{"id":34174,"date":"2023-01-17T09:24:43","date_gmt":"2023-01-17T08:24:43","guid":{"rendered":"https:\/\/www.epicerie-lasource.org\/magasin\/?post_type=product&#038;p=34174"},"modified":"2026-04-15T18:51:58","modified_gmt":"2026-04-15T16:51:58","slug":"vrac-guimauves-au-chocolat-croustillantes-coeur-caramel","status":"publish","type":"product","link":"https:\/\/www.epicerie-lasource.org\/magasin\/produit\/vrac-guimauves-au-chocolat-croustillantes-coeur-caramel\/","title":{"rendered":"Vrac &#8211; Guimauves chocolat croustillantes"},"content":{"rendered":"","protected":false},"excerpt":{"rendered":"<p>Caramel 23% (sirop de glucose, graisse v\u00e9g\u00e9tale (palme), LAIT concentr\u00e9 sucr\u00e9, sucre, dextrose, \u00e9mulsifiants : l\u00e9cithine de tournesol mono et di glyc\u00e9rides d&rsquo;acide gras (6%), sel), sirop de glucose fructose, sucre, beurre de cacao, c\u00e9r\u00e9ales croustillantes 6 % (farine de riz, farine d\u2019AVOINE , farine de BLE, sirop de MALT (ORGE) ), sucre, LACTOSERUM en poudre, sel, dextrose), poudre de LAIT entier 4,5%, p\u00e2te de cacao, graisses v\u00e9g\u00e9tales (palmiste, palme, karit\u00e9), LACTOSERUM en poudre, g\u00e9latine, cacao maigre en poudre, \u00e9mulsifiant : l\u00e9cithine de tournesol, ar\u00f4mes.<\/p>\n","protected":false},"featured_media":34178,"comment_status":"closed","ping_status":"closed","template":"","meta":[],"product_cat":[715,64,691],"product_tag":[],"supplier_id":null,"supplier_sku":"","atum_controlled":true,"out_stock_date":null,"out_stock_threshold":null,"inheritable":true,"inbound_stock":null,"stock_on_hold":0,"sold_today":0,"sales_last_days":4.73,"out_stock_days":0,"lost_sales":0,"has_location":false,"update_date":"2026-04-30T22:28:34","atum_locations":[],"atum_stock_status":"onbackorder","restock_status":false,"low_stock_amount":"","sales_update_date":"2026-04-30T22:28:34","calc_backorders":-46.66,"_links":{"self":[{"href":"https:\/\/www.epicerie-lasource.org\/magasin\/wp-json\/wp\/v2\/product\/34174"}],"collection":[{"href":"https:\/\/www.epicerie-lasource.org\/magasin\/wp-json\/wp\/v2\/product"}],"about":[{"href":"https:\/\/www.epicerie-lasource.org\/magasin\/wp-json\/wp\/v2\/types\/product"}],"replies":[{"embeddable":true,"href":"https:\/\/www.epicerie-lasource.org\/magasin\/wp-json\/wp\/v2\/comments?post=34174"}],"wp:featuredmedia":[{"embeddable":true,"href":"https:\/\/www.epicerie-lasource.org\/magasin\/wp-json\/wp\/v2\/media\/34178"}],"wp:attachment":[{"href":"https:\/\/www.epicerie-lasource.org\/magasin\/wp-json\/wp\/v2\/media?parent=34174"}],"wp:term":[{"taxonomy":"product_cat","embeddable":true,"href":"https:\/\/www.epicerie-lasource.org\/magasin\/wp-json\/wp\/v2\/product_cat?post=34174"},{"taxonomy":"product_tag","embeddable":true,"href":"https:\/\/www.epicerie-lasource.org\/magasin\/wp-json\/wp\/v2\/product_tag?post=34174"}],"curies":[{"name":"wp","href":"https:\/\/api.w.org\/{rel}","templated":true}]}}