{"id":34164,"date":"2023-01-17T08:56:03","date_gmt":"2023-01-17T07:56:03","guid":{"rendered":"https:\/\/www.epicerie-lasource.org\/magasin\/?post_type=product&#038;p=34164"},"modified":"2026-01-19T10:51:24","modified_gmt":"2026-01-19T09:51:24","slug":"piperade-au-piment-despelette-bio-bcl-520g","status":"publish","type":"product","link":"https:\/\/www.epicerie-lasource.org\/magasin\/produit\/piperade-au-piment-despelette-bio-bcl-520g\/","title":{"rendered":"Piperade au piment BIO bcl 520g"},"content":{"rendered":"","protected":false},"excerpt":{"rendered":"<p>Pulpe de tomate* 35.9%, poivrons rouge* et vert* 24%, pur\u00e9e de tomate* 16.2%, oignon* 15%, huile de tournesol*, sucre de canne*, sel marin, amidon de ma\u00efs, \u00e9pices* et plantes aromatiques* (ail*, poivre*, laurier*, romarin*, thym*, piment fort* 0.05%).<\/p>\n","protected":false},"featured_media":34165,"comment_status":"closed","ping_status":"closed","template":"","meta":[],"product_cat":[63,708],"product_tag":[],"supplier_id":23966,"supplier_sku":"","atum_controlled":true,"out_stock_date":null,"out_stock_threshold":null,"inheritable":false,"inbound_stock":null,"stock_on_hold":0,"sold_today":0,"sales_last_days":1,"out_stock_days":0,"lost_sales":0,"has_location":false,"update_date":"2026-04-30T22:29:04","atum_locations":[],"atum_stock_status":"instock","restock_status":false,"low_stock_amount":"","sales_update_date":"2026-04-30T22:29:03","calc_backorders":null,"_links":{"self":[{"href":"https:\/\/www.epicerie-lasource.org\/magasin\/wp-json\/wp\/v2\/product\/34164"}],"collection":[{"href":"https:\/\/www.epicerie-lasource.org\/magasin\/wp-json\/wp\/v2\/product"}],"about":[{"href":"https:\/\/www.epicerie-lasource.org\/magasin\/wp-json\/wp\/v2\/types\/product"}],"replies":[{"embeddable":true,"href":"https:\/\/www.epicerie-lasource.org\/magasin\/wp-json\/wp\/v2\/comments?post=34164"}],"wp:featuredmedia":[{"embeddable":true,"href":"https:\/\/www.epicerie-lasource.org\/magasin\/wp-json\/wp\/v2\/media\/34165"}],"wp:attachment":[{"href":"https:\/\/www.epicerie-lasource.org\/magasin\/wp-json\/wp\/v2\/media?parent=34164"}],"wp:term":[{"taxonomy":"product_cat","embeddable":true,"href":"https:\/\/www.epicerie-lasource.org\/magasin\/wp-json\/wp\/v2\/product_cat?post=34164"},{"taxonomy":"product_tag","embeddable":true,"href":"https:\/\/www.epicerie-lasource.org\/magasin\/wp-json\/wp\/v2\/product_tag?post=34164"}],"curies":[{"name":"wp","href":"https:\/\/api.w.org\/{rel}","templated":true}]}}