{"id":34156,"date":"2023-01-17T08:27:03","date_gmt":"2023-01-17T07:27:03","guid":{"rendered":"https:\/\/www.epicerie-lasource.org\/magasin\/?post_type=product&#038;p=34156"},"modified":"2026-04-15T18:59:57","modified_gmt":"2026-04-15T16:59:57","slug":"dattes-denoyautees-algerie-cup-400g-bs","status":"publish","type":"product","link":"https:\/\/www.epicerie-lasource.org\/magasin\/produit\/dattes-denoyautees-algerie-cup-400g-bs\/","title":{"rendered":"Dattes d\u00e9noyaut\u00e9es Alg\u00e9rie Cup 400g B&amp;S"},"content":{"rendered":"","protected":false},"excerpt":{"rendered":"<p>Datte<\/p>\n<div class=\"\">\n<p>Energie 1395kj \/ 329kcal,<br \/>\nMati\u00e8res grasses 0.4g dont acides gras satur\u00e9s 0g,<br \/>\nGlucides 75g dont sucres 63.3g,<br \/>\nFibres 8g,<br \/>\nProt\u00e9ines 2.4g,<br \/>\nSel 0.01g.<\/p>\n<\/div>\n","protected":false},"featured_media":34157,"comment_status":"closed","ping_status":"closed","template":"","meta":[],"product_cat":[64,692],"product_tag":[],"supplier_id":23966,"supplier_sku":"","atum_controlled":true,"out_stock_date":null,"out_stock_threshold":null,"inheritable":false,"inbound_stock":null,"stock_on_hold":0,"sold_today":0,"sales_last_days":3,"out_stock_days":0,"lost_sales":0,"has_location":false,"update_date":"2026-05-03T22:30:12","atum_locations":[],"atum_stock_status":"instock","restock_status":false,"low_stock_amount":3,"sales_update_date":"2026-05-03T22:30:12","calc_backorders":0,"_links":{"self":[{"href":"https:\/\/www.epicerie-lasource.org\/magasin\/wp-json\/wp\/v2\/product\/34156"}],"collection":[{"href":"https:\/\/www.epicerie-lasource.org\/magasin\/wp-json\/wp\/v2\/product"}],"about":[{"href":"https:\/\/www.epicerie-lasource.org\/magasin\/wp-json\/wp\/v2\/types\/product"}],"replies":[{"embeddable":true,"href":"https:\/\/www.epicerie-lasource.org\/magasin\/wp-json\/wp\/v2\/comments?post=34156"}],"wp:featuredmedia":[{"embeddable":true,"href":"https:\/\/www.epicerie-lasource.org\/magasin\/wp-json\/wp\/v2\/media\/34157"}],"wp:attachment":[{"href":"https:\/\/www.epicerie-lasource.org\/magasin\/wp-json\/wp\/v2\/media?parent=34156"}],"wp:term":[{"taxonomy":"product_cat","embeddable":true,"href":"https:\/\/www.epicerie-lasource.org\/magasin\/wp-json\/wp\/v2\/product_cat?post=34156"},{"taxonomy":"product_tag","embeddable":true,"href":"https:\/\/www.epicerie-lasource.org\/magasin\/wp-json\/wp\/v2\/product_tag?post=34156"}],"curies":[{"name":"wp","href":"https:\/\/api.w.org\/{rel}","templated":true}]}}