{"id":32578,"date":"2022-11-21T23:04:10","date_gmt":"2022-11-21T22:04:10","guid":{"rendered":"https:\/\/www.epicerie-lasource.org\/magasin\/?post_type=product&#038;p=32578"},"modified":"2025-08-21T15:36:46","modified_gmt":"2025-08-21T13:36:46","slug":"rhum-vieilli-bio-700ml-chais-du-fort","status":"publish","type":"product","link":"https:\/\/www.epicerie-lasource.org\/magasin\/produit\/rhum-vieilli-bio-700ml-chais-du-fort\/","title":{"rendered":"Rhum Vieilli Bio 700ml &#8211; Chais du Fort"},"content":{"rendered":"","protected":false},"excerpt":{"rendered":"<p>Vieilli plusieurs mois en f\u00fbts de ch\u00eane fran\u00e7ais, ce rhum r\u00e9v\u00e8le son caract\u00e8re sur fond de notes aromatiques rondes et vanill\u00e9es.<\/p>\n<p>Rhum Vieilli Bio \u2013 40\u00b0 Bio 70 cl &#8211; Chais du Fort (Fran\u00e7ais)<\/p>\n","protected":false},"featured_media":32579,"comment_status":"open","ping_status":"closed","template":"","meta":[],"product_cat":[22,683],"product_tag":[],"supplier_id":23768,"supplier_sku":"","atum_controlled":true,"out_stock_date":null,"out_stock_threshold":null,"inheritable":false,"inbound_stock":null,"stock_on_hold":0,"sold_today":0,"sales_last_days":0,"out_stock_days":0,"lost_sales":0,"has_location":false,"update_date":"2026-05-04T22:29:00","atum_locations":[],"atum_stock_status":"instock","restock_status":false,"low_stock_amount":1,"sales_update_date":"2026-05-04T22:29:00","calc_backorders":null,"_links":{"self":[{"href":"https:\/\/www.epicerie-lasource.org\/magasin\/wp-json\/wp\/v2\/product\/32578"}],"collection":[{"href":"https:\/\/www.epicerie-lasource.org\/magasin\/wp-json\/wp\/v2\/product"}],"about":[{"href":"https:\/\/www.epicerie-lasource.org\/magasin\/wp-json\/wp\/v2\/types\/product"}],"replies":[{"embeddable":true,"href":"https:\/\/www.epicerie-lasource.org\/magasin\/wp-json\/wp\/v2\/comments?post=32578"}],"wp:featuredmedia":[{"embeddable":true,"href":"https:\/\/www.epicerie-lasource.org\/magasin\/wp-json\/wp\/v2\/media\/32579"}],"wp:attachment":[{"href":"https:\/\/www.epicerie-lasource.org\/magasin\/wp-json\/wp\/v2\/media?parent=32578"}],"wp:term":[{"taxonomy":"product_cat","embeddable":true,"href":"https:\/\/www.epicerie-lasource.org\/magasin\/wp-json\/wp\/v2\/product_cat?post=32578"},{"taxonomy":"product_tag","embeddable":true,"href":"https:\/\/www.epicerie-lasource.org\/magasin\/wp-json\/wp\/v2\/product_tag?post=32578"}],"curies":[{"name":"wp","href":"https:\/\/api.w.org\/{rel}","templated":true}]}}