{"id":32568,"date":"2022-11-21T22:48:31","date_gmt":"2022-11-21T21:48:31","guid":{"rendered":"https:\/\/www.epicerie-lasource.org\/magasin\/?post_type=product&#038;p=32568"},"modified":"2026-05-05T07:52:16","modified_gmt":"2026-05-05T05:52:16","slug":"moutarde-a-lancienne-200-gr-100-francaise","status":"publish","type":"product","link":"https:\/\/www.epicerie-lasource.org\/magasin\/produit\/moutarde-a-lancienne-200-gr-100-francaise\/","title":{"rendered":"Moutarde a l&rsquo;ancienne Pique Assiettes 200 Gr &#8211; 100% Francaise"},"content":{"rendered":"","protected":false},"excerpt":{"rendered":"<p>Avec ses graines l\u00e9g\u00e8rement concass\u00e9es, la Moutarde \u00e0 l\u2019Ancienne Bio offre une texture unique, croquante et d\u00e9licate. Notre moutarde \u00e0 l&rsquo;Ancienne Bio est fabriqu\u00e9e en Alsace avec des ingr\u00e9dients 100% d&rsquo;origine France, y compris la graine de moutarde.<\/p>\n","protected":false},"featured_media":32569,"comment_status":"open","ping_status":"closed","template":"","meta":[],"product_cat":[63,704],"product_tag":[],"supplier_id":23768,"supplier_sku":"","atum_controlled":true,"out_stock_date":null,"out_stock_threshold":null,"inheritable":false,"inbound_stock":null,"stock_on_hold":0,"sold_today":0,"sales_last_days":3,"out_stock_days":0,"lost_sales":0,"has_location":false,"update_date":"2026-05-07T11:58:59","atum_locations":[],"atum_stock_status":"onbackorder","restock_status":false,"low_stock_amount":"","sales_update_date":"2026-05-07T11:58:59","calc_backorders":-13,"_links":{"self":[{"href":"https:\/\/www.epicerie-lasource.org\/magasin\/wp-json\/wp\/v2\/product\/32568"}],"collection":[{"href":"https:\/\/www.epicerie-lasource.org\/magasin\/wp-json\/wp\/v2\/product"}],"about":[{"href":"https:\/\/www.epicerie-lasource.org\/magasin\/wp-json\/wp\/v2\/types\/product"}],"replies":[{"embeddable":true,"href":"https:\/\/www.epicerie-lasource.org\/magasin\/wp-json\/wp\/v2\/comments?post=32568"}],"wp:featuredmedia":[{"embeddable":true,"href":"https:\/\/www.epicerie-lasource.org\/magasin\/wp-json\/wp\/v2\/media\/32569"}],"wp:attachment":[{"href":"https:\/\/www.epicerie-lasource.org\/magasin\/wp-json\/wp\/v2\/media?parent=32568"}],"wp:term":[{"taxonomy":"product_cat","embeddable":true,"href":"https:\/\/www.epicerie-lasource.org\/magasin\/wp-json\/wp\/v2\/product_cat?post=32568"},{"taxonomy":"product_tag","embeddable":true,"href":"https:\/\/www.epicerie-lasource.org\/magasin\/wp-json\/wp\/v2\/product_tag?post=32568"}],"curies":[{"name":"wp","href":"https:\/\/api.w.org\/{rel}","templated":true}]}}