{"id":32526,"date":"2022-11-21T10:16:00","date_gmt":"2022-11-21T09:16:00","guid":{"rendered":"https:\/\/www.epicerie-lasource.org\/magasin\/?post_type=product&#038;p=32526"},"modified":"2026-05-04T17:13:07","modified_gmt":"2026-05-04T15:13:07","slug":"pur-jus-dorange-sans-pulpe-1l","status":"publish","type":"product","link":"https:\/\/www.epicerie-lasource.org\/magasin\/produit\/pur-jus-dorange-sans-pulpe-1l\/","title":{"rendered":"Pur Jus d&rsquo;Orange sans pulpe 1L"},"content":{"rendered":"<h2 class=\"\">INGR\u00c9DIENTS<\/h2>\n<div class=\"\">\n<p>Jus d&rsquo;orange.<\/p>\n<p><span class=\"allergenes_produit\">Les ingr\u00e9dients renseign\u00e9s en majuscule attestent des allerg\u00e8nes pr\u00e9sents dans le ou les produits.<\/span><\/p>\n<\/div>\n<div>\n<h2 class=\"\">VALEURS NUTRITIONNELLES<\/h2>\n<div class=\"\">\n<p>Valeurs \u00e9nerg\u00e9tiques et nutritionnelles moyennes pour 100ml:<\/p>\n<p>Energie 190kJ \/ 45Kcal,<\/p>\n<p>Mati\u00e8res grasses &lt; 0.5g dont acide gras satur\u00e9s 0g,<\/p>\n<p>Glucides 9.7g dont sucres 9.7g,<\/p>\n<p>Prot\u00e9ines 0.5g,<\/p>\n<p>Sel &lt; 0.01g,<\/p>\n<p>Vitamine C 20mg (25%) apport de r\u00e9f\u00e9rence pour un adulte type par jour.<\/p>\n<h2 class=\"\">NFORMATIONS PRODUITS<\/h2>\n<div class=\"\">\n<p>A conserver \u00e0 l&rsquo;abri de la chaleur, de la lumi\u00e8re et de l&rsquo;humidit\u00e9.<\/p>\n<p>Apr\u00e8s ouverture, \u00e0 conserver au r\u00e9frig\u00e9rateur et \u00e0 consommer dans les 5 jours.<\/p>\n<p>Riche en vitamine C.<\/p>\n<p>Sans sucres ajout\u00e9s.<\/p>\n<\/div>\n<\/div>\n<\/div>\n","protected":false},"excerpt":{"rendered":"<p>100% Pur jus d&rsquo;Orange<\/p>\n","protected":false},"featured_media":32527,"comment_status":"open","ping_status":"closed","template":"","meta":[],"product_cat":[22,475],"product_tag":[],"supplier_id":23966,"supplier_sku":"","atum_controlled":true,"out_stock_date":null,"out_stock_threshold":null,"inheritable":false,"inbound_stock":null,"stock_on_hold":1,"sold_today":0,"sales_last_days":6,"out_stock_days":0,"lost_sales":0,"has_location":false,"update_date":"2026-05-05T22:30:56","atum_locations":[],"atum_stock_status":"onbackorder","restock_status":false,"low_stock_amount":2,"sales_update_date":"2026-05-05T22:30:56","calc_backorders":-11,"_links":{"self":[{"href":"https:\/\/www.epicerie-lasource.org\/magasin\/wp-json\/wp\/v2\/product\/32526"}],"collection":[{"href":"https:\/\/www.epicerie-lasource.org\/magasin\/wp-json\/wp\/v2\/product"}],"about":[{"href":"https:\/\/www.epicerie-lasource.org\/magasin\/wp-json\/wp\/v2\/types\/product"}],"replies":[{"embeddable":true,"href":"https:\/\/www.epicerie-lasource.org\/magasin\/wp-json\/wp\/v2\/comments?post=32526"}],"wp:featuredmedia":[{"embeddable":true,"href":"https:\/\/www.epicerie-lasource.org\/magasin\/wp-json\/wp\/v2\/media\/32527"}],"wp:attachment":[{"href":"https:\/\/www.epicerie-lasource.org\/magasin\/wp-json\/wp\/v2\/media?parent=32526"}],"wp:term":[{"taxonomy":"product_cat","embeddable":true,"href":"https:\/\/www.epicerie-lasource.org\/magasin\/wp-json\/wp\/v2\/product_cat?post=32526"},{"taxonomy":"product_tag","embeddable":true,"href":"https:\/\/www.epicerie-lasource.org\/magasin\/wp-json\/wp\/v2\/product_tag?post=32526"}],"curies":[{"name":"wp","href":"https:\/\/api.w.org\/{rel}","templated":true}]}}