{"id":32513,"date":"2022-11-21T09:50:54","date_gmt":"2022-11-21T08:50:54","guid":{"rendered":"https:\/\/www.epicerie-lasource.org\/magasin\/?post_type=product&#038;p=32513"},"modified":"2026-04-06T11:44:23","modified_gmt":"2026-04-06T09:44:23","slug":"galettes-suedoises-double-chocolat-paquet-150g","status":"publish","type":"product","link":"https:\/\/www.epicerie-lasource.org\/magasin\/produit\/galettes-suedoises-double-chocolat-paquet-150g\/","title":{"rendered":"Galettes su\u00e9doises double chocolat paquet 150g"},"content":{"rendered":"","protected":false},"excerpt":{"rendered":"<p>Sucre, chocolat, margarine, flocons d&rsquo;AVOINE, farine de BL\u00c9, eau, poudre d&rsquo;\u0152UFS entiers, poudre \u00e0 lever.<\/p>\n","protected":false},"featured_media":32514,"comment_status":"open","ping_status":"closed","template":"","meta":[],"product_cat":[64,693],"product_tag":[],"supplier_id":23966,"supplier_sku":"","atum_controlled":true,"out_stock_date":null,"out_stock_threshold":null,"inheritable":false,"inbound_stock":null,"stock_on_hold":1,"sold_today":1,"sales_last_days":14,"out_stock_days":0,"lost_sales":0,"has_location":false,"update_date":"2026-04-06T07:44:26","atum_locations":[],"atum_stock_status":"onbackorder","restock_status":false,"low_stock_amount":2,"sales_update_date":"2026-04-06T07:44:25","calc_backorders":-27,"_links":{"self":[{"href":"https:\/\/www.epicerie-lasource.org\/magasin\/wp-json\/wp\/v2\/product\/32513"}],"collection":[{"href":"https:\/\/www.epicerie-lasource.org\/magasin\/wp-json\/wp\/v2\/product"}],"about":[{"href":"https:\/\/www.epicerie-lasource.org\/magasin\/wp-json\/wp\/v2\/types\/product"}],"replies":[{"embeddable":true,"href":"https:\/\/www.epicerie-lasource.org\/magasin\/wp-json\/wp\/v2\/comments?post=32513"}],"wp:featuredmedia":[{"embeddable":true,"href":"https:\/\/www.epicerie-lasource.org\/magasin\/wp-json\/wp\/v2\/media\/32514"}],"wp:attachment":[{"href":"https:\/\/www.epicerie-lasource.org\/magasin\/wp-json\/wp\/v2\/media?parent=32513"}],"wp:term":[{"taxonomy":"product_cat","embeddable":true,"href":"https:\/\/www.epicerie-lasource.org\/magasin\/wp-json\/wp\/v2\/product_cat?post=32513"},{"taxonomy":"product_tag","embeddable":true,"href":"https:\/\/www.epicerie-lasource.org\/magasin\/wp-json\/wp\/v2\/product_tag?post=32513"}],"curies":[{"name":"wp","href":"https:\/\/api.w.org\/{rel}","templated":true}]}}