{"id":30847,"date":"2022-09-19T17:21:15","date_gmt":"2022-09-19T15:21:15","guid":{"rendered":"https:\/\/www.epicerie-lasource.org\/magasin\/?post_type=product&#038;p=30847"},"modified":"2026-04-22T19:48:52","modified_gmt":"2026-04-22T17:48:52","slug":"vrac-melange-tonus-au-choix","status":"publish","type":"product","link":"https:\/\/www.epicerie-lasource.org\/magasin\/produit\/vrac-melange-tonus-au-choix\/","title":{"rendered":"VRAC &#8211; M\u00e9lange Tonus Au choix"},"content":{"rendered":"","protected":false},"excerpt":{"rendered":"<p>AMANDE d\u00e9cortiqu\u00e9e, cranberry s\u00e9ch\u00e9e en moiti\u00e9s (cranberry, sucre, huile de tournesol), f\u00e8ve immature de SOJA grill\u00e9e, SOJA grill\u00e9, SOJA noir grill\u00e9, sel, poudre \u00e0 lever : bicarbonate de sodium.Fruits en proportions variables.<\/p>\n","protected":false},"featured_media":31403,"comment_status":"closed","ping_status":"closed","template":"","meta":[],"product_cat":[715,63,705],"product_tag":[],"supplier_id":23966,"supplier_sku":"","atum_controlled":true,"out_stock_date":null,"out_stock_threshold":null,"inheritable":true,"inbound_stock":null,"stock_on_hold":0,"sold_today":0,"sales_last_days":3.15,"out_stock_days":0,"lost_sales":0,"has_location":false,"update_date":"2026-05-05T22:30:11","atum_locations":[],"atum_stock_status":"onbackorder","restock_status":false,"low_stock_amount":2,"sales_update_date":"2026-05-05T22:30:11","calc_backorders":-4.959,"_links":{"self":[{"href":"https:\/\/www.epicerie-lasource.org\/magasin\/wp-json\/wp\/v2\/product\/30847"}],"collection":[{"href":"https:\/\/www.epicerie-lasource.org\/magasin\/wp-json\/wp\/v2\/product"}],"about":[{"href":"https:\/\/www.epicerie-lasource.org\/magasin\/wp-json\/wp\/v2\/types\/product"}],"replies":[{"embeddable":true,"href":"https:\/\/www.epicerie-lasource.org\/magasin\/wp-json\/wp\/v2\/comments?post=30847"}],"wp:featuredmedia":[{"embeddable":true,"href":"https:\/\/www.epicerie-lasource.org\/magasin\/wp-json\/wp\/v2\/media\/31403"}],"wp:attachment":[{"href":"https:\/\/www.epicerie-lasource.org\/magasin\/wp-json\/wp\/v2\/media?parent=30847"}],"wp:term":[{"taxonomy":"product_cat","embeddable":true,"href":"https:\/\/www.epicerie-lasource.org\/magasin\/wp-json\/wp\/v2\/product_cat?post=30847"},{"taxonomy":"product_tag","embeddable":true,"href":"https:\/\/www.epicerie-lasource.org\/magasin\/wp-json\/wp\/v2\/product_tag?post=30847"}],"curies":[{"name":"wp","href":"https:\/\/api.w.org\/{rel}","templated":true}]}}