{"id":30660,"date":"2022-09-13T10:21:06","date_gmt":"2022-09-13T08:21:06","guid":{"rendered":"https:\/\/www.epicerie-lasource.org\/magasin\/?post_type=product&#038;p=30660"},"modified":"2026-04-04T14:09:54","modified_gmt":"2026-04-04T12:09:54","slug":"cookies-pepite-chocolat-fourrage-noisette-pqt-200g","status":"publish","type":"product","link":"https:\/\/www.epicerie-lasource.org\/magasin\/produit\/cookies-pepite-chocolat-fourrage-noisette-pqt-200g\/","title":{"rendered":"Cookies p\u00e9pite chocolat fourrage noisette. pqt 200g"},"content":{"rendered":"","protected":false},"excerpt":{"rendered":"<p>Sucre, farine de bl\u00e9, huile de palme et de tournesol, cacao, beurre de cacao, avoine, lait entier en poudre, beurre, sirop de glucose, poudres \u00e0 lever, \u0153ufs en poudre, sel, lait \u00e9cr\u00e9m\u00e9 en poudre, ar\u00f4mes.<\/p>\n","protected":false},"featured_media":30661,"comment_status":"closed","ping_status":"closed","template":"","meta":[],"product_cat":[64,693],"product_tag":[],"supplier_id":23966,"supplier_sku":"","atum_controlled":true,"out_stock_date":null,"out_stock_threshold":null,"inheritable":false,"inbound_stock":null,"stock_on_hold":0,"sold_today":0,"sales_last_days":16,"out_stock_days":0,"lost_sales":0,"has_location":false,"update_date":"2026-04-05T22:05:41","atum_locations":[],"atum_stock_status":"onbackorder","restock_status":false,"low_stock_amount":2,"sales_update_date":"2026-04-05T22:05:41","calc_backorders":-1,"_links":{"self":[{"href":"https:\/\/www.epicerie-lasource.org\/magasin\/wp-json\/wp\/v2\/product\/30660"}],"collection":[{"href":"https:\/\/www.epicerie-lasource.org\/magasin\/wp-json\/wp\/v2\/product"}],"about":[{"href":"https:\/\/www.epicerie-lasource.org\/magasin\/wp-json\/wp\/v2\/types\/product"}],"replies":[{"embeddable":true,"href":"https:\/\/www.epicerie-lasource.org\/magasin\/wp-json\/wp\/v2\/comments?post=30660"}],"wp:featuredmedia":[{"embeddable":true,"href":"https:\/\/www.epicerie-lasource.org\/magasin\/wp-json\/wp\/v2\/media\/30661"}],"wp:attachment":[{"href":"https:\/\/www.epicerie-lasource.org\/magasin\/wp-json\/wp\/v2\/media?parent=30660"}],"wp:term":[{"taxonomy":"product_cat","embeddable":true,"href":"https:\/\/www.epicerie-lasource.org\/magasin\/wp-json\/wp\/v2\/product_cat?post=30660"},{"taxonomy":"product_tag","embeddable":true,"href":"https:\/\/www.epicerie-lasource.org\/magasin\/wp-json\/wp\/v2\/product_tag?post=30660"}],"curies":[{"name":"wp","href":"https:\/\/api.w.org\/{rel}","templated":true}]}}