{"id":28755,"date":"2024-10-01T13:01:02","date_gmt":"2024-10-01T11:01:02","guid":{"rendered":"https:\/\/www.epicerie-lasource.org\/magasin\/?post_type=product&#038;p=28755"},"modified":"2026-04-01T20:11:12","modified_gmt":"2026-04-01T18:11:12","slug":"goupillon-fibre-de-coco","status":"publish","type":"product","link":"https:\/\/www.epicerie-lasource.org\/magasin\/produit\/goupillon-fibre-de-coco\/","title":{"rendered":"Goupillon Fibre de Coco 35 cm"},"content":{"rendered":"","protected":false},"excerpt":{"rendered":"<p>Ce goupillon est r\u00e9alis\u00e9e avec des fibres de noix de coco tr\u00e8s denses qui lui assurent une grande long\u00e9vit\u00e9.<\/p>\n","protected":false},"featured_media":28756,"comment_status":"closed","ping_status":"closed","template":"","meta":[],"product_cat":[324,652],"product_tag":[],"supplier_id":24929,"supplier_sku":"","atum_controlled":true,"out_stock_date":null,"out_stock_threshold":null,"inheritable":false,"inbound_stock":null,"stock_on_hold":0,"sold_today":0,"sales_last_days":0,"out_stock_days":0,"lost_sales":0,"has_location":false,"update_date":"2026-05-10T22:42:00","atum_locations":[],"atum_stock_status":"instock","restock_status":false,"low_stock_amount":"","sales_update_date":"2026-05-10T22:42:00","calc_backorders":0,"_links":{"self":[{"href":"https:\/\/www.epicerie-lasource.org\/magasin\/wp-json\/wp\/v2\/product\/28755"}],"collection":[{"href":"https:\/\/www.epicerie-lasource.org\/magasin\/wp-json\/wp\/v2\/product"}],"about":[{"href":"https:\/\/www.epicerie-lasource.org\/magasin\/wp-json\/wp\/v2\/types\/product"}],"replies":[{"embeddable":true,"href":"https:\/\/www.epicerie-lasource.org\/magasin\/wp-json\/wp\/v2\/comments?post=28755"}],"wp:featuredmedia":[{"embeddable":true,"href":"https:\/\/www.epicerie-lasource.org\/magasin\/wp-json\/wp\/v2\/media\/28756"}],"wp:attachment":[{"href":"https:\/\/www.epicerie-lasource.org\/magasin\/wp-json\/wp\/v2\/media?parent=28755"}],"wp:term":[{"taxonomy":"product_cat","embeddable":true,"href":"https:\/\/www.epicerie-lasource.org\/magasin\/wp-json\/wp\/v2\/product_cat?post=28755"},{"taxonomy":"product_tag","embeddable":true,"href":"https:\/\/www.epicerie-lasource.org\/magasin\/wp-json\/wp\/v2\/product_tag?post=28755"}],"curies":[{"name":"wp","href":"https:\/\/api.w.org\/{rel}","templated":true}]}}