{"id":28504,"date":"2022-06-15T11:02:38","date_gmt":"2022-06-15T09:02:38","guid":{"rendered":"https:\/\/www.epicerie-lasource.org\/magasin\/?post_type=product&#038;p=28504"},"modified":"2026-04-30T18:55:30","modified_gmt":"2026-04-30T16:55:30","slug":"vrac-lessive-liquide-parfume-fleur-de-lotus","status":"publish","type":"product","link":"https:\/\/www.epicerie-lasource.org\/magasin\/produit\/vrac-lessive-liquide-parfume-fleur-de-lotus\/","title":{"rendered":"Vrac- Lessive liquide parfum\u00e9 Fleur de lotus"},"content":{"rendered":"","protected":false},"excerpt":{"rendered":"<p>Efficacit\u00e9 prouv\u00e9e d\u00e9s 20\u00b0C, linge blanc et couleur. Dure avec les t\u00e2ches, douce pour votre linge et la plan\u00e8te. Une seule et unique lessive efficace pour toute la famille, petits et grands ! Sa formule s&rsquo;adapte \u00e9galement \u00e0 tous les types de tissu.<\/p>\n<p>Certifi\u00e9 Ecocert : 97,5 % d&rsquo;ingr\u00e9dients d&rsquo;origine naturelle. Efficacit\u00e9 prouv\u00e9e en laboratoire d\u00e8s 20\u00b0 face aux leaders du march\u00e9. Test\u00e9e sous contr\u00f4le dermatologique.<\/p>\n<p>D\u00e9tache en profondeur les salissures difficiles du quotidien : gras, maquillage, chocolat. Sa technologie anti-bouloches prend soin de votre linge et des couleurs. Son parfum naturel et moderne \u00e0 la fleur de lotus rafraichira subtilement votre linge.<\/p>\n<p>Emballage 100% recyclable. Cruelty Free &amp; Vegan Fabriqu\u00e9 en France.<\/p>\n","protected":false},"featured_media":28505,"comment_status":"closed","ping_status":"closed","template":"","meta":[],"product_cat":[715,324],"product_tag":[],"supplier_id":23768,"supplier_sku":"","atum_controlled":true,"out_stock_date":null,"out_stock_threshold":null,"inheritable":true,"inbound_stock":null,"stock_on_hold":0,"sold_today":0,"sales_last_days":2.8,"out_stock_days":0,"lost_sales":0,"has_location":false,"update_date":"2026-05-05T22:29:37","atum_locations":[],"atum_stock_status":"onbackorder","restock_status":false,"low_stock_amount":"","sales_update_date":"2026-05-05T22:29:37","calc_backorders":-8.8,"_links":{"self":[{"href":"https:\/\/www.epicerie-lasource.org\/magasin\/wp-json\/wp\/v2\/product\/28504"}],"collection":[{"href":"https:\/\/www.epicerie-lasource.org\/magasin\/wp-json\/wp\/v2\/product"}],"about":[{"href":"https:\/\/www.epicerie-lasource.org\/magasin\/wp-json\/wp\/v2\/types\/product"}],"replies":[{"embeddable":true,"href":"https:\/\/www.epicerie-lasource.org\/magasin\/wp-json\/wp\/v2\/comments?post=28504"}],"wp:featuredmedia":[{"embeddable":true,"href":"https:\/\/www.epicerie-lasource.org\/magasin\/wp-json\/wp\/v2\/media\/28505"}],"wp:attachment":[{"href":"https:\/\/www.epicerie-lasource.org\/magasin\/wp-json\/wp\/v2\/media?parent=28504"}],"wp:term":[{"taxonomy":"product_cat","embeddable":true,"href":"https:\/\/www.epicerie-lasource.org\/magasin\/wp-json\/wp\/v2\/product_cat?post=28504"},{"taxonomy":"product_tag","embeddable":true,"href":"https:\/\/www.epicerie-lasource.org\/magasin\/wp-json\/wp\/v2\/product_tag?post=28504"}],"curies":[{"name":"wp","href":"https:\/\/api.w.org\/{rel}","templated":true}]}}