{"id":28232,"date":"2022-06-06T21:34:38","date_gmt":"2022-06-06T19:34:38","guid":{"rendered":"https:\/\/www.epicerie-lasource.org\/magasin\/?post_type=product&#038;p=28232"},"modified":"2026-04-30T17:39:22","modified_gmt":"2026-04-30T15:39:22","slug":"savon-artisanal-parfume-huiles-essentielles-le-bon-reveil","status":"publish","type":"product","link":"https:\/\/www.epicerie-lasource.org\/magasin\/produit\/savon-artisanal-parfume-huiles-essentielles-le-bon-reveil\/","title":{"rendered":"Savon Artisanal Parfum\u00e9 Huiles Essentielles Le Bon R\u00e9veil"},"content":{"rendered":"","protected":false},"excerpt":{"rendered":"<p>A base d\u2019huile d\u2019olive des Pyr\u00e9n\u00e9es-Orientales et d\u2019huile de coco bio avec un surgras d\u2019huile d\u2019avocat bio ( nourrissante et apporte souplesse et \u00e9lasticit\u00e9 \u00e0 la peau) aux huiles essentielles bio d&rsquo;orange douce, de bois de c\u00e8dre et d\u2019ylang-ylang.<\/p>\n<p>Convient \u00e0 tout type de peau, odeur florale.<\/p>\n<p>(poids \u00e0 l\u2019emballage 95 gr)<\/p>\n<p>*Issus de l&rsquo;Agriculture Biologique.<\/p>\n<p>** Issue des Pyr\u00e9n\u00e9es-Orientales<\/p>\n","protected":false},"featured_media":28224,"comment_status":"closed","ping_status":"closed","template":"","meta":[],"product_cat":[731,207],"product_tag":[],"supplier_id":29134,"supplier_sku":"","atum_controlled":true,"out_stock_date":null,"out_stock_threshold":null,"inheritable":false,"inbound_stock":null,"stock_on_hold":0,"sold_today":0,"sales_last_days":1,"out_stock_days":0,"lost_sales":0,"has_location":false,"update_date":"2026-05-08T22:31:21","atum_locations":[],"atum_stock_status":"instock","restock_status":false,"low_stock_amount":"","sales_update_date":"2026-05-08T22:31:20","calc_backorders":0,"_links":{"self":[{"href":"https:\/\/www.epicerie-lasource.org\/magasin\/wp-json\/wp\/v2\/product\/28232"}],"collection":[{"href":"https:\/\/www.epicerie-lasource.org\/magasin\/wp-json\/wp\/v2\/product"}],"about":[{"href":"https:\/\/www.epicerie-lasource.org\/magasin\/wp-json\/wp\/v2\/types\/product"}],"replies":[{"embeddable":true,"href":"https:\/\/www.epicerie-lasource.org\/magasin\/wp-json\/wp\/v2\/comments?post=28232"}],"wp:featuredmedia":[{"embeddable":true,"href":"https:\/\/www.epicerie-lasource.org\/magasin\/wp-json\/wp\/v2\/media\/28224"}],"wp:attachment":[{"href":"https:\/\/www.epicerie-lasource.org\/magasin\/wp-json\/wp\/v2\/media?parent=28232"}],"wp:term":[{"taxonomy":"product_cat","embeddable":true,"href":"https:\/\/www.epicerie-lasource.org\/magasin\/wp-json\/wp\/v2\/product_cat?post=28232"},{"taxonomy":"product_tag","embeddable":true,"href":"https:\/\/www.epicerie-lasource.org\/magasin\/wp-json\/wp\/v2\/product_tag?post=28232"}],"curies":[{"name":"wp","href":"https:\/\/api.w.org\/{rel}","templated":true}]}}