{"id":28231,"date":"2022-06-06T21:33:47","date_gmt":"2022-06-06T19:33:47","guid":{"rendered":"https:\/\/www.epicerie-lasource.org\/magasin\/?post_type=product&#038;p=28231"},"modified":"2026-02-06T11:21:09","modified_gmt":"2026-02-06T10:21:09","slug":"savon-artisanal-parfume-huiles-essentielles-le-bonbon","status":"publish","type":"product","link":"https:\/\/www.epicerie-lasource.org\/magasin\/produit\/savon-artisanal-parfume-huiles-essentielles-le-bonbon\/","title":{"rendered":"Savon Artisanal Parfum\u00e9 Huiles Essentielles Le Bonbon"},"content":{"rendered":"","protected":false},"excerpt":{"rendered":"<p>A base d\u2019huile d\u2019olive des Pyr\u00e9n\u00e9es-Orientales et d\u2019huile de coco bio avec un surgras d\u2019huile d\u2019amande douce bio ( Nourrissante, hydrate et prot\u00e8ge la peau, redonnant de la vigueur et de l\u2019\u00e9clat. Apaisante, elle soulage les irritations et les d\u00e9mangeaisons.) aux huiles essentielles bio d&rsquo;orange douce et de lits\u00e9e citronn\u00e9e.<\/p>\n<p>Convient \u00e0 tout type de peau, et particuli\u00e8rement aux peaux s\u00e8ches, odeur citronn\u00e9e.<\/p>\n<p>(poids \u00e0 l\u2019emballage 95 gr)<\/p>\n<p>*Issus de l&rsquo;Agriculture Biologique.<\/p>\n<p>** Issue des Pyr\u00e9n\u00e9es-Orientales<\/p>\n","protected":false},"featured_media":28214,"comment_status":"closed","ping_status":"closed","template":"","meta":[],"product_cat":[731,207],"product_tag":[],"supplier_id":29134,"supplier_sku":"","atum_controlled":true,"out_stock_date":null,"out_stock_threshold":null,"inheritable":false,"inbound_stock":null,"stock_on_hold":0,"sold_today":0,"sales_last_days":0,"out_stock_days":0,"lost_sales":0,"has_location":false,"update_date":"2026-05-01T22:29:16","atum_locations":[],"atum_stock_status":"instock","restock_status":false,"low_stock_amount":"","sales_update_date":"2026-05-01T22:29:16","calc_backorders":null,"_links":{"self":[{"href":"https:\/\/www.epicerie-lasource.org\/magasin\/wp-json\/wp\/v2\/product\/28231"}],"collection":[{"href":"https:\/\/www.epicerie-lasource.org\/magasin\/wp-json\/wp\/v2\/product"}],"about":[{"href":"https:\/\/www.epicerie-lasource.org\/magasin\/wp-json\/wp\/v2\/types\/product"}],"replies":[{"embeddable":true,"href":"https:\/\/www.epicerie-lasource.org\/magasin\/wp-json\/wp\/v2\/comments?post=28231"}],"wp:featuredmedia":[{"embeddable":true,"href":"https:\/\/www.epicerie-lasource.org\/magasin\/wp-json\/wp\/v2\/media\/28214"}],"wp:attachment":[{"href":"https:\/\/www.epicerie-lasource.org\/magasin\/wp-json\/wp\/v2\/media?parent=28231"}],"wp:term":[{"taxonomy":"product_cat","embeddable":true,"href":"https:\/\/www.epicerie-lasource.org\/magasin\/wp-json\/wp\/v2\/product_cat?post=28231"},{"taxonomy":"product_tag","embeddable":true,"href":"https:\/\/www.epicerie-lasource.org\/magasin\/wp-json\/wp\/v2\/product_tag?post=28231"}],"curies":[{"name":"wp","href":"https:\/\/api.w.org\/{rel}","templated":true}]}}