{"id":28228,"date":"2022-06-06T21:29:37","date_gmt":"2022-06-06T19:29:37","guid":{"rendered":"https:\/\/www.epicerie-lasource.org\/magasin\/?post_type=product&#038;p=28228"},"modified":"2026-02-19T16:49:12","modified_gmt":"2026-02-19T15:49:12","slug":"savon-artisanal-parfume-huiles-essentielles-fleur-du-sud","status":"publish","type":"product","link":"https:\/\/www.epicerie-lasource.org\/magasin\/produit\/savon-artisanal-parfume-huiles-essentielles-fleur-du-sud\/","title":{"rendered":"Savon Artisanal Parfum\u00e9 Huiles Essentielles Fleur du Sud"},"content":{"rendered":"","protected":false},"excerpt":{"rendered":"<p>A base d\u2019huile d\u2019olive des Pyr\u00e9n\u00e9es-Orientales et d\u2019huile de coco bio, huile essentielle LavandinSuper bio (Calmante, cicatrisante, bact\u00e9ricide, purifiante), Fleurs de Lavande (apaise les probl\u00e8mes de peaux) et Pigments min\u00e9rales.<\/p>\n<p>*Issus de l&rsquo;Agriculture Biologique.<\/p>\n<p>** Issue des Pyr\u00e9n\u00e9es-Orientales<\/p>\n","protected":false},"featured_media":28220,"comment_status":"closed","ping_status":"closed","template":"","meta":[],"product_cat":[207],"product_tag":[],"supplier_id":29134,"supplier_sku":"","atum_controlled":true,"out_stock_date":null,"out_stock_threshold":null,"inheritable":false,"inbound_stock":null,"stock_on_hold":0,"sold_today":0,"sales_last_days":0,"out_stock_days":0,"lost_sales":0,"has_location":false,"update_date":"2026-05-09T22:32:35","atum_locations":[],"atum_stock_status":"instock","restock_status":false,"low_stock_amount":"","sales_update_date":"2026-05-09T22:32:35","calc_backorders":0,"_links":{"self":[{"href":"https:\/\/www.epicerie-lasource.org\/magasin\/wp-json\/wp\/v2\/product\/28228"}],"collection":[{"href":"https:\/\/www.epicerie-lasource.org\/magasin\/wp-json\/wp\/v2\/product"}],"about":[{"href":"https:\/\/www.epicerie-lasource.org\/magasin\/wp-json\/wp\/v2\/types\/product"}],"replies":[{"embeddable":true,"href":"https:\/\/www.epicerie-lasource.org\/magasin\/wp-json\/wp\/v2\/comments?post=28228"}],"wp:featuredmedia":[{"embeddable":true,"href":"https:\/\/www.epicerie-lasource.org\/magasin\/wp-json\/wp\/v2\/media\/28220"}],"wp:attachment":[{"href":"https:\/\/www.epicerie-lasource.org\/magasin\/wp-json\/wp\/v2\/media?parent=28228"}],"wp:term":[{"taxonomy":"product_cat","embeddable":true,"href":"https:\/\/www.epicerie-lasource.org\/magasin\/wp-json\/wp\/v2\/product_cat?post=28228"},{"taxonomy":"product_tag","embeddable":true,"href":"https:\/\/www.epicerie-lasource.org\/magasin\/wp-json\/wp\/v2\/product_tag?post=28228"}],"curies":[{"name":"wp","href":"https:\/\/api.w.org\/{rel}","templated":true}]}}