{"id":28226,"date":"2022-06-06T21:25:55","date_gmt":"2022-06-06T19:25:55","guid":{"rendered":"https:\/\/www.epicerie-lasource.org\/magasin\/?post_type=product&#038;p=28226"},"modified":"2026-02-03T14:52:21","modified_gmt":"2026-02-03T13:52:21","slug":"savon-artisanal-parfume-huiles-essentielles-menthchouline","status":"publish","type":"product","link":"https:\/\/www.epicerie-lasource.org\/magasin\/produit\/savon-artisanal-parfume-huiles-essentielles-menthchouline\/","title":{"rendered":"Savon Artisanal Parfum\u00e9 Huiles Essentielles Menth&rsquo;Chouline"},"content":{"rendered":"","protected":false},"excerpt":{"rendered":"<p>A base d\u2019huile d\u2019olive des Pyr\u00e9n\u00e9es-Orientales et d\u2019huile de coco bio, aux huiles essentielles de Menthe verte bio (purifie la peau, cicatrisante, rafraichissante, calmante&#8230;) et de Patchouli (r\u00e9g\u00e9n\u00e9ratrice cutan\u00e9e, probl\u00e8mes de peau&#8230;).<\/p>\n<p>Avec de la Spiruline (riche en min\u00e9raux et vitamines) de Los Masos 66 \u00ab\u00a0La belle spiruline\u00a0\u00bb<\/p>\n<p>Convient \u00e0 tout type de peau, odeur Menthe verte.<\/p>\n<p>(poids \u00e0 l\u2019emballage 95 gr)<\/p>\n<p>*Issus de l&rsquo;Agriculture Biologique.<\/p>\n<p>** Issue des Pyr\u00e9n\u00e9es-Orientales<\/p>\n","protected":false},"featured_media":28216,"comment_status":"closed","ping_status":"closed","template":"","meta":[],"product_cat":[731,207],"product_tag":[],"supplier_id":29134,"supplier_sku":"","atum_controlled":true,"out_stock_date":null,"out_stock_threshold":null,"inheritable":false,"inbound_stock":null,"stock_on_hold":0,"sold_today":0,"sales_last_days":0,"out_stock_days":0,"lost_sales":0,"has_location":false,"update_date":"2026-04-30T22:27:30","atum_locations":[],"atum_stock_status":"instock","restock_status":false,"low_stock_amount":"","sales_update_date":"2026-04-30T22:27:30","calc_backorders":null,"_links":{"self":[{"href":"https:\/\/www.epicerie-lasource.org\/magasin\/wp-json\/wp\/v2\/product\/28226"}],"collection":[{"href":"https:\/\/www.epicerie-lasource.org\/magasin\/wp-json\/wp\/v2\/product"}],"about":[{"href":"https:\/\/www.epicerie-lasource.org\/magasin\/wp-json\/wp\/v2\/types\/product"}],"replies":[{"embeddable":true,"href":"https:\/\/www.epicerie-lasource.org\/magasin\/wp-json\/wp\/v2\/comments?post=28226"}],"wp:featuredmedia":[{"embeddable":true,"href":"https:\/\/www.epicerie-lasource.org\/magasin\/wp-json\/wp\/v2\/media\/28216"}],"wp:attachment":[{"href":"https:\/\/www.epicerie-lasource.org\/magasin\/wp-json\/wp\/v2\/media?parent=28226"}],"wp:term":[{"taxonomy":"product_cat","embeddable":true,"href":"https:\/\/www.epicerie-lasource.org\/magasin\/wp-json\/wp\/v2\/product_cat?post=28226"},{"taxonomy":"product_tag","embeddable":true,"href":"https:\/\/www.epicerie-lasource.org\/magasin\/wp-json\/wp\/v2\/product_tag?post=28226"}],"curies":[{"name":"wp","href":"https:\/\/api.w.org\/{rel}","templated":true}]}}