{"id":27758,"date":"2022-05-19T17:46:34","date_gmt":"2022-05-19T15:46:34","guid":{"rendered":"https:\/\/www.epicerie-lasource.org\/magasin\/?post_type=product&#038;p=27758"},"modified":"2026-04-22T15:28:40","modified_gmt":"2026-04-22T13:28:40","slug":"shampoing-solide-artisanal","status":"publish","type":"product","link":"https:\/\/www.epicerie-lasource.org\/magasin\/produit\/shampoing-solide-artisanal\/","title":{"rendered":"Shampoing Solide Artisanal"},"content":{"rendered":"","protected":false},"excerpt":{"rendered":"<p>A base de<\/p>\n<p>Sodium coco sulfate (tensioactif d\u00e9riv\u00e9 de l&rsquo;huile de coco, pouvoir lavant et moussant),<\/p>\n<p>huile essentielle bio de lits\u00e9e citronn\u00e9e (Antiparasitaire Antibact\u00e9rienne) huile de coco bio (Hydrate, fortifie et rend les cheveux plus denses et plus brillants),<\/p>\n<p>huile d&rsquo;avocat bio (Assouplissante, nourrissante, prot\u00e9ge&#8230;)<\/p>\n<p>et de poudre de Shikakai bio (Lave les cheveux et le cuir chevelu en douceur, redonne brillance et force, d\u00e9m\u00eale et donne un toucher soyeux aux cheveux)<\/p>\n<p>Convient \u00e0 tout type de cheveux, odeur citronn\u00e9e.<\/p>\n<p>(poids \u00e0 l\u2019emballage 70 gr)<\/p>\n","protected":false},"featured_media":28223,"comment_status":"closed","ping_status":"closed","template":"","meta":[],"product_cat":[207],"product_tag":[],"supplier_id":29134,"supplier_sku":"","atum_controlled":true,"out_stock_date":null,"out_stock_threshold":null,"inheritable":false,"inbound_stock":0,"stock_on_hold":0,"sold_today":0,"sales_last_days":2,"out_stock_days":0,"lost_sales":0,"has_location":false,"update_date":"2026-04-30T22:27:56","atum_locations":[],"atum_stock_status":"instock","restock_status":false,"low_stock_amount":"","sales_update_date":"2026-04-30T22:27:56","calc_backorders":null,"_links":{"self":[{"href":"https:\/\/www.epicerie-lasource.org\/magasin\/wp-json\/wp\/v2\/product\/27758"}],"collection":[{"href":"https:\/\/www.epicerie-lasource.org\/magasin\/wp-json\/wp\/v2\/product"}],"about":[{"href":"https:\/\/www.epicerie-lasource.org\/magasin\/wp-json\/wp\/v2\/types\/product"}],"replies":[{"embeddable":true,"href":"https:\/\/www.epicerie-lasource.org\/magasin\/wp-json\/wp\/v2\/comments?post=27758"}],"wp:featuredmedia":[{"embeddable":true,"href":"https:\/\/www.epicerie-lasource.org\/magasin\/wp-json\/wp\/v2\/media\/28223"}],"wp:attachment":[{"href":"https:\/\/www.epicerie-lasource.org\/magasin\/wp-json\/wp\/v2\/media?parent=27758"}],"wp:term":[{"taxonomy":"product_cat","embeddable":true,"href":"https:\/\/www.epicerie-lasource.org\/magasin\/wp-json\/wp\/v2\/product_cat?post=27758"},{"taxonomy":"product_tag","embeddable":true,"href":"https:\/\/www.epicerie-lasource.org\/magasin\/wp-json\/wp\/v2\/product_tag?post=27758"}],"curies":[{"name":"wp","href":"https:\/\/api.w.org\/{rel}","templated":true}]}}