{"id":27677,"date":"2023-01-17T08:54:26","date_gmt":"2023-01-17T07:54:26","guid":{"rendered":"https:\/\/www.epicerie-lasource.org\/magasin\/?post_type=product&#038;p=27677"},"modified":"2026-04-08T19:57:33","modified_gmt":"2026-04-08T17:57:33","slug":"pate-a-tartiner-bio-sans-huile-de-palme-pot-350g","status":"publish","type":"product","link":"https:\/\/www.epicerie-lasource.org\/magasin\/produit\/pate-a-tartiner-bio-sans-huile-de-palme-pot-350g\/","title":{"rendered":"Pate \u00e0 tartiner BIO sans huile de palme pot 350g"},"content":{"rendered":"","protected":false},"excerpt":{"rendered":"<p>Sucre de canne*, NOISETTES* 16%, huile v\u00e9g\u00e9tale (tournesol*), LAIT \u00e9cr\u00e9m\u00e9 en poudre*, cacao maigre*, mati\u00e8re grasse du LAIt*, BEURRE de cacao*, \u00e9mulsifiant (l\u00e9cithine de tournesol*), extrait de vanille*.<\/p>\n","protected":false},"featured_media":27678,"comment_status":"closed","ping_status":"closed","template":"","meta":[],"product_cat":[64,697],"product_tag":[],"supplier_id":23966,"supplier_sku":"","atum_controlled":true,"out_stock_date":null,"out_stock_threshold":null,"inheritable":false,"inbound_stock":0,"stock_on_hold":0,"sold_today":0,"sales_last_days":11,"out_stock_days":0,"lost_sales":0,"has_location":false,"update_date":"2026-04-10T14:52:38","atum_locations":[],"atum_stock_status":"onbackorder","restock_status":false,"low_stock_amount":2,"sales_update_date":"2026-04-10T14:52:37","calc_backorders":-81,"_links":{"self":[{"href":"https:\/\/www.epicerie-lasource.org\/magasin\/wp-json\/wp\/v2\/product\/27677"}],"collection":[{"href":"https:\/\/www.epicerie-lasource.org\/magasin\/wp-json\/wp\/v2\/product"}],"about":[{"href":"https:\/\/www.epicerie-lasource.org\/magasin\/wp-json\/wp\/v2\/types\/product"}],"replies":[{"embeddable":true,"href":"https:\/\/www.epicerie-lasource.org\/magasin\/wp-json\/wp\/v2\/comments?post=27677"}],"wp:featuredmedia":[{"embeddable":true,"href":"https:\/\/www.epicerie-lasource.org\/magasin\/wp-json\/wp\/v2\/media\/27678"}],"wp:attachment":[{"href":"https:\/\/www.epicerie-lasource.org\/magasin\/wp-json\/wp\/v2\/media?parent=27677"}],"wp:term":[{"taxonomy":"product_cat","embeddable":true,"href":"https:\/\/www.epicerie-lasource.org\/magasin\/wp-json\/wp\/v2\/product_cat?post=27677"},{"taxonomy":"product_tag","embeddable":true,"href":"https:\/\/www.epicerie-lasource.org\/magasin\/wp-json\/wp\/v2\/product_tag?post=27677"}],"curies":[{"name":"wp","href":"https:\/\/api.w.org\/{rel}","templated":true}]}}