{"id":26641,"date":"2022-04-04T10:53:22","date_gmt":"2022-04-04T08:53:22","guid":{"rendered":"https:\/\/www.epicerie-lasource.org\/magasin\/?post_type=product&#038;p=26641"},"modified":"2026-03-18T19:52:38","modified_gmt":"2026-03-18T18:52:38","slug":"bouillon-de-volaille-80-grs","status":"publish","type":"product","link":"https:\/\/www.epicerie-lasource.org\/magasin\/produit\/bouillon-de-volaille-80-grs\/","title":{"rendered":"Bouillon de Volaille 80 grs"},"content":{"rendered":"","protected":false},"excerpt":{"rendered":"<p>Sel, beurre de karit\u00e9, exhausteur de go\u00fbt, extrait de volaille, lactose, sucre caramelis\u00e9, \u00e9pices et herbes, c\u00e9leri nature, dextrose<\/p>\n","protected":false},"featured_media":26642,"comment_status":"closed","ping_status":"closed","template":"","meta":[],"product_cat":[63,704],"product_tag":[],"supplier_id":23966,"supplier_sku":"","atum_controlled":true,"out_stock_date":"2026-03-18 18:52:38","out_stock_threshold":null,"inheritable":false,"inbound_stock":0,"stock_on_hold":0,"sold_today":0,"sales_last_days":1,"out_stock_days":17,"lost_sales":2.6957142857143,"has_location":false,"update_date":"2026-04-04T22:05:30","atum_locations":[],"atum_stock_status":"outofstock","restock_status":false,"low_stock_amount":6,"sales_update_date":"2026-04-04T22:05:30","calc_backorders":null,"_links":{"self":[{"href":"https:\/\/www.epicerie-lasource.org\/magasin\/wp-json\/wp\/v2\/product\/26641"}],"collection":[{"href":"https:\/\/www.epicerie-lasource.org\/magasin\/wp-json\/wp\/v2\/product"}],"about":[{"href":"https:\/\/www.epicerie-lasource.org\/magasin\/wp-json\/wp\/v2\/types\/product"}],"replies":[{"embeddable":true,"href":"https:\/\/www.epicerie-lasource.org\/magasin\/wp-json\/wp\/v2\/comments?post=26641"}],"wp:featuredmedia":[{"embeddable":true,"href":"https:\/\/www.epicerie-lasource.org\/magasin\/wp-json\/wp\/v2\/media\/26642"}],"wp:attachment":[{"href":"https:\/\/www.epicerie-lasource.org\/magasin\/wp-json\/wp\/v2\/media?parent=26641"}],"wp:term":[{"taxonomy":"product_cat","embeddable":true,"href":"https:\/\/www.epicerie-lasource.org\/magasin\/wp-json\/wp\/v2\/product_cat?post=26641"},{"taxonomy":"product_tag","embeddable":true,"href":"https:\/\/www.epicerie-lasource.org\/magasin\/wp-json\/wp\/v2\/product_tag?post=26641"}],"curies":[{"name":"wp","href":"https:\/\/api.w.org\/{rel}","templated":true}]}}