{"id":26290,"date":"2022-03-22T17:14:19","date_gmt":"2022-03-22T16:14:19","guid":{"rendered":"https:\/\/www.epicerie-lasource.org\/magasin\/?post_type=product&#038;p=26290"},"modified":"2023-02-07T10:13:16","modified_gmt":"2023-02-07T09:13:16","slug":"pizza-zapi-neche-creme-la-streule","status":"publish","type":"product","link":"https:\/\/www.epicerie-lasource.org\/magasin\/produit\/pizza-zapi-neche-creme-la-streule\/","title":{"rendered":"Pizza Zapi-N\u00e8che &#8211; Cr\u00e8me &#8211; La Streule"},"content":{"rendered":"","protected":false},"excerpt":{"rendered":"<p>Cr\u00e8me fra\u00eeche, Sauce Curry et R\u00e9duction de Balsamique, mozzarella Cossette, \u00e9minc\u00e9 de poulet boucherie Vanbaelinghem, Poivrons 3 couleurs frais, oignons rouges frais, mozzarella Galbani<\/p>\n","protected":false},"featured_media":26284,"comment_status":"closed","ping_status":"closed","template":"","meta":[],"product_cat":[220,706],"product_tag":[],"supplier_id":null,"supplier_sku":"","atum_controlled":true,"out_stock_date":null,"out_stock_threshold":null,"inheritable":false,"inbound_stock":0,"stock_on_hold":1,"sold_today":0,"sales_last_days":13,"out_stock_days":0,"lost_sales":0,"has_location":false,"update_date":"2026-05-12T22:45:18","atum_locations":[],"atum_stock_status":"instock","restock_status":false,"low_stock_amount":"","sales_update_date":"2026-05-12T22:45:18","calc_backorders":null,"_links":{"self":[{"href":"https:\/\/www.epicerie-lasource.org\/magasin\/wp-json\/wp\/v2\/product\/26290"}],"collection":[{"href":"https:\/\/www.epicerie-lasource.org\/magasin\/wp-json\/wp\/v2\/product"}],"about":[{"href":"https:\/\/www.epicerie-lasource.org\/magasin\/wp-json\/wp\/v2\/types\/product"}],"replies":[{"embeddable":true,"href":"https:\/\/www.epicerie-lasource.org\/magasin\/wp-json\/wp\/v2\/comments?post=26290"}],"wp:featuredmedia":[{"embeddable":true,"href":"https:\/\/www.epicerie-lasource.org\/magasin\/wp-json\/wp\/v2\/media\/26284"}],"wp:attachment":[{"href":"https:\/\/www.epicerie-lasource.org\/magasin\/wp-json\/wp\/v2\/media?parent=26290"}],"wp:term":[{"taxonomy":"product_cat","embeddable":true,"href":"https:\/\/www.epicerie-lasource.org\/magasin\/wp-json\/wp\/v2\/product_cat?post=26290"},{"taxonomy":"product_tag","embeddable":true,"href":"https:\/\/www.epicerie-lasource.org\/magasin\/wp-json\/wp\/v2\/product_tag?post=26290"}],"curies":[{"name":"wp","href":"https:\/\/api.w.org\/{rel}","templated":true}]}}