{"id":26281,"date":"2022-03-22T17:00:29","date_gmt":"2022-03-22T16:00:29","guid":{"rendered":"https:\/\/www.epicerie-lasource.org\/magasin\/?post_type=product&#038;p=26281"},"modified":"2023-12-03T21:49:59","modified_gmt":"2023-12-03T20:49:59","slug":"pizza-zapi-neche-sauce-tomate-soleil","status":"publish","type":"product","link":"https:\/\/www.epicerie-lasource.org\/magasin\/produit\/pizza-zapi-neche-sauce-tomate-soleil\/","title":{"rendered":"Pizza Zapi-N\u00e8che &#8211; Cr\u00e8me &#8211; Welsch"},"content":{"rendered":"","protected":false},"excerpt":{"rendered":"<p>Cr\u00e8me moutarde \u00e0 l\u2019ancienne, Cr\u00e8me de balsamique, Jambon<br \/>\nBoucherie Vanbaelinghem, Mozzarella Cossette, Cheddar Galloway, Oignons Rouges, Mozza Galbani<\/p>\n","protected":false},"featured_media":26286,"comment_status":"closed","ping_status":"closed","template":"","meta":[],"product_cat":[220,706],"product_tag":[],"supplier_id":null,"supplier_sku":"","atum_controlled":true,"out_stock_date":null,"out_stock_threshold":null,"inheritable":false,"inbound_stock":0,"stock_on_hold":0,"sold_today":0,"sales_last_days":1,"out_stock_days":0,"lost_sales":0,"has_location":false,"update_date":"2026-04-30T22:29:06","atum_locations":[],"atum_stock_status":"instock","restock_status":false,"low_stock_amount":"","sales_update_date":"2026-04-30T22:29:06","calc_backorders":null,"_links":{"self":[{"href":"https:\/\/www.epicerie-lasource.org\/magasin\/wp-json\/wp\/v2\/product\/26281"}],"collection":[{"href":"https:\/\/www.epicerie-lasource.org\/magasin\/wp-json\/wp\/v2\/product"}],"about":[{"href":"https:\/\/www.epicerie-lasource.org\/magasin\/wp-json\/wp\/v2\/types\/product"}],"replies":[{"embeddable":true,"href":"https:\/\/www.epicerie-lasource.org\/magasin\/wp-json\/wp\/v2\/comments?post=26281"}],"wp:featuredmedia":[{"embeddable":true,"href":"https:\/\/www.epicerie-lasource.org\/magasin\/wp-json\/wp\/v2\/media\/26286"}],"wp:attachment":[{"href":"https:\/\/www.epicerie-lasource.org\/magasin\/wp-json\/wp\/v2\/media?parent=26281"}],"wp:term":[{"taxonomy":"product_cat","embeddable":true,"href":"https:\/\/www.epicerie-lasource.org\/magasin\/wp-json\/wp\/v2\/product_cat?post=26281"},{"taxonomy":"product_tag","embeddable":true,"href":"https:\/\/www.epicerie-lasource.org\/magasin\/wp-json\/wp\/v2\/product_tag?post=26281"}],"curies":[{"name":"wp","href":"https:\/\/api.w.org\/{rel}","templated":true}]}}