{"id":26279,"date":"2022-03-22T16:57:23","date_gmt":"2022-03-22T15:57:23","guid":{"rendered":"https:\/\/www.epicerie-lasource.org\/magasin\/?post_type=product&#038;p=26279"},"modified":"2023-02-07T10:12:38","modified_gmt":"2023-02-07T09:12:38","slug":"pizza-zapi-neche-sauce-tomate-reine","status":"publish","type":"product","link":"https:\/\/www.epicerie-lasource.org\/magasin\/produit\/pizza-zapi-neche-sauce-tomate-reine\/","title":{"rendered":"Pizza Zapi-N\u00e8che &#8211; Sauce Tomate &#8211; Reine"},"content":{"rendered":"","protected":false},"excerpt":{"rendered":"<p>Sauce Tomate, Mozzarella Cossette, Jambon Boucherie Vanbaelinghem, Champignons Frais, Olives d\u00e9noyaut\u00e9es \u00e0 la Grecque.<\/p>\n","protected":false},"featured_media":26280,"comment_status":"closed","ping_status":"closed","template":"","meta":[],"product_cat":[220,706],"product_tag":[],"supplier_id":null,"supplier_sku":"","atum_controlled":true,"out_stock_date":null,"out_stock_threshold":null,"inheritable":false,"inbound_stock":0,"stock_on_hold":0,"sold_today":0,"sales_last_days":1,"out_stock_days":0,"lost_sales":0,"has_location":false,"update_date":"2026-05-01T22:27:41","atum_locations":[],"atum_stock_status":"instock","restock_status":false,"low_stock_amount":"","sales_update_date":"2026-05-01T22:27:41","calc_backorders":null,"_links":{"self":[{"href":"https:\/\/www.epicerie-lasource.org\/magasin\/wp-json\/wp\/v2\/product\/26279"}],"collection":[{"href":"https:\/\/www.epicerie-lasource.org\/magasin\/wp-json\/wp\/v2\/product"}],"about":[{"href":"https:\/\/www.epicerie-lasource.org\/magasin\/wp-json\/wp\/v2\/types\/product"}],"replies":[{"embeddable":true,"href":"https:\/\/www.epicerie-lasource.org\/magasin\/wp-json\/wp\/v2\/comments?post=26279"}],"wp:featuredmedia":[{"embeddable":true,"href":"https:\/\/www.epicerie-lasource.org\/magasin\/wp-json\/wp\/v2\/media\/26280"}],"wp:attachment":[{"href":"https:\/\/www.epicerie-lasource.org\/magasin\/wp-json\/wp\/v2\/media?parent=26279"}],"wp:term":[{"taxonomy":"product_cat","embeddable":true,"href":"https:\/\/www.epicerie-lasource.org\/magasin\/wp-json\/wp\/v2\/product_cat?post=26279"},{"taxonomy":"product_tag","embeddable":true,"href":"https:\/\/www.epicerie-lasource.org\/magasin\/wp-json\/wp\/v2\/product_tag?post=26279"}],"curies":[{"name":"wp","href":"https:\/\/api.w.org\/{rel}","templated":true}]}}