{"id":26277,"date":"2022-03-22T16:55:07","date_gmt":"2022-03-22T15:55:07","guid":{"rendered":"https:\/\/www.epicerie-lasource.org\/magasin\/?post_type=product&#038;p=26277"},"modified":"2023-02-07T10:12:27","modified_gmt":"2023-02-07T09:12:27","slug":"pizza-zapi-neche-creme-pampa","status":"publish","type":"product","link":"https:\/\/www.epicerie-lasource.org\/magasin\/produit\/pizza-zapi-neche-creme-pampa\/","title":{"rendered":"Pizza Zapi-N\u00e8che &#8211; Cr\u00e8me &#8211; Pampa"},"content":{"rendered":"","protected":false},"excerpt":{"rendered":"<p>Cr\u00e8me Fra\u00eeche, Sauce Piquante (Alg\u00e9rienne), Cr\u00e8me de balsamique, Mozzarella Cossette, Eminc\u00e9 de poulet Boucherie Vanbaelinghem, Merguez Vanbaelinghem, Cheddar galloway, Oignons rouges, Mozza Galbani.<\/p>\n","protected":false},"featured_media":26278,"comment_status":"closed","ping_status":"closed","template":"","meta":[],"product_cat":[220,706],"product_tag":[],"supplier_id":null,"supplier_sku":"","atum_controlled":true,"out_stock_date":null,"out_stock_threshold":null,"inheritable":false,"inbound_stock":0,"stock_on_hold":0,"sold_today":0,"sales_last_days":2,"out_stock_days":0,"lost_sales":0,"has_location":false,"update_date":"2026-04-10T15:34:09","atum_locations":[],"atum_stock_status":"instock","restock_status":false,"low_stock_amount":"","sales_update_date":"2026-04-10T15:34:09","calc_backorders":null,"_links":{"self":[{"href":"https:\/\/www.epicerie-lasource.org\/magasin\/wp-json\/wp\/v2\/product\/26277"}],"collection":[{"href":"https:\/\/www.epicerie-lasource.org\/magasin\/wp-json\/wp\/v2\/product"}],"about":[{"href":"https:\/\/www.epicerie-lasource.org\/magasin\/wp-json\/wp\/v2\/types\/product"}],"replies":[{"embeddable":true,"href":"https:\/\/www.epicerie-lasource.org\/magasin\/wp-json\/wp\/v2\/comments?post=26277"}],"wp:featuredmedia":[{"embeddable":true,"href":"https:\/\/www.epicerie-lasource.org\/magasin\/wp-json\/wp\/v2\/media\/26278"}],"wp:attachment":[{"href":"https:\/\/www.epicerie-lasource.org\/magasin\/wp-json\/wp\/v2\/media?parent=26277"}],"wp:term":[{"taxonomy":"product_cat","embeddable":true,"href":"https:\/\/www.epicerie-lasource.org\/magasin\/wp-json\/wp\/v2\/product_cat?post=26277"},{"taxonomy":"product_tag","embeddable":true,"href":"https:\/\/www.epicerie-lasource.org\/magasin\/wp-json\/wp\/v2\/product_tag?post=26277"}],"curies":[{"name":"wp","href":"https:\/\/api.w.org\/{rel}","templated":true}]}}