{"id":26275,"date":"2022-03-22T16:51:46","date_gmt":"2022-03-22T15:51:46","guid":{"rendered":"https:\/\/www.epicerie-lasource.org\/magasin\/?post_type=product&#038;p=26275"},"modified":"2025-12-02T15:44:35","modified_gmt":"2025-12-02T14:44:35","slug":"pizza-zapi-neche-sauce-tomate-maraichere","status":"publish","type":"product","link":"https:\/\/www.epicerie-lasource.org\/magasin\/produit\/pizza-zapi-neche-sauce-tomate-maraichere\/","title":{"rendered":"Pizza Zapi-N\u00e8che &#8211; Sauce Tomate &#8211; Maraich\u00e8re"},"content":{"rendered":"","protected":false},"excerpt":{"rendered":"<p>Sauce Tomate, Cr\u00e8me de balsamique, Champignons Frais, Oignons Rouges, Mix Poivrons 3 couleurs, Coeurs d\u2019artichaut, Olives d\u00e9noyaut\u00e9es \u00e0 la grecque, mozza galbani<\/p>\n","protected":false},"featured_media":26276,"comment_status":"closed","ping_status":"closed","template":"","meta":[],"product_cat":[774,220,706],"product_tag":[],"supplier_id":null,"supplier_sku":"","atum_controlled":true,"out_stock_date":null,"out_stock_threshold":null,"inheritable":false,"inbound_stock":0,"stock_on_hold":0,"sold_today":0,"sales_last_days":7,"out_stock_days":0,"lost_sales":0,"has_location":false,"update_date":"2026-05-01T22:29:44","atum_locations":[],"atum_stock_status":"instock","restock_status":false,"low_stock_amount":"","sales_update_date":"2026-05-01T22:29:44","calc_backorders":null,"_links":{"self":[{"href":"https:\/\/www.epicerie-lasource.org\/magasin\/wp-json\/wp\/v2\/product\/26275"}],"collection":[{"href":"https:\/\/www.epicerie-lasource.org\/magasin\/wp-json\/wp\/v2\/product"}],"about":[{"href":"https:\/\/www.epicerie-lasource.org\/magasin\/wp-json\/wp\/v2\/types\/product"}],"replies":[{"embeddable":true,"href":"https:\/\/www.epicerie-lasource.org\/magasin\/wp-json\/wp\/v2\/comments?post=26275"}],"wp:featuredmedia":[{"embeddable":true,"href":"https:\/\/www.epicerie-lasource.org\/magasin\/wp-json\/wp\/v2\/media\/26276"}],"wp:attachment":[{"href":"https:\/\/www.epicerie-lasource.org\/magasin\/wp-json\/wp\/v2\/media?parent=26275"}],"wp:term":[{"taxonomy":"product_cat","embeddable":true,"href":"https:\/\/www.epicerie-lasource.org\/magasin\/wp-json\/wp\/v2\/product_cat?post=26275"},{"taxonomy":"product_tag","embeddable":true,"href":"https:\/\/www.epicerie-lasource.org\/magasin\/wp-json\/wp\/v2\/product_tag?post=26275"}],"curies":[{"name":"wp","href":"https:\/\/api.w.org\/{rel}","templated":true}]}}