{"id":26258,"date":"2022-03-22T16:26:47","date_gmt":"2022-03-22T15:26:47","guid":{"rendered":"https:\/\/www.epicerie-lasource.org\/magasin\/?post_type=product&#038;p=26258"},"modified":"2023-02-07T10:11:07","modified_gmt":"2023-02-07T09:11:07","slug":"pizza-zapi-neche-5-fromages","status":"publish","type":"product","link":"https:\/\/www.epicerie-lasource.org\/magasin\/produit\/pizza-zapi-neche-5-fromages\/","title":{"rendered":"Pizza Zapi-N\u00e8che &#8211; 5 Fromages"},"content":{"rendered":"","protected":false},"excerpt":{"rendered":"<p>Cr\u00e8me Fra\u00eeche, Mozzarella Cossette, Maroilles, Reblochon, Cheddar Galloway, Camembert, Mozzarella Galbani<\/p>\n","protected":false},"featured_media":26260,"comment_status":"closed","ping_status":"closed","template":"","meta":[],"product_cat":[220,706],"product_tag":[],"supplier_id":null,"supplier_sku":"","atum_controlled":true,"out_stock_date":null,"out_stock_threshold":null,"inheritable":false,"inbound_stock":0,"stock_on_hold":0,"sold_today":0,"sales_last_days":2,"out_stock_days":0,"lost_sales":0,"has_location":false,"update_date":"2026-04-27T22:22:12","atum_locations":[],"atum_stock_status":"instock","restock_status":false,"low_stock_amount":"","sales_update_date":"2026-04-27T22:22:12","calc_backorders":null,"_links":{"self":[{"href":"https:\/\/www.epicerie-lasource.org\/magasin\/wp-json\/wp\/v2\/product\/26258"}],"collection":[{"href":"https:\/\/www.epicerie-lasource.org\/magasin\/wp-json\/wp\/v2\/product"}],"about":[{"href":"https:\/\/www.epicerie-lasource.org\/magasin\/wp-json\/wp\/v2\/types\/product"}],"replies":[{"embeddable":true,"href":"https:\/\/www.epicerie-lasource.org\/magasin\/wp-json\/wp\/v2\/comments?post=26258"}],"wp:featuredmedia":[{"embeddable":true,"href":"https:\/\/www.epicerie-lasource.org\/magasin\/wp-json\/wp\/v2\/media\/26260"}],"wp:attachment":[{"href":"https:\/\/www.epicerie-lasource.org\/magasin\/wp-json\/wp\/v2\/media?parent=26258"}],"wp:term":[{"taxonomy":"product_cat","embeddable":true,"href":"https:\/\/www.epicerie-lasource.org\/magasin\/wp-json\/wp\/v2\/product_cat?post=26258"},{"taxonomy":"product_tag","embeddable":true,"href":"https:\/\/www.epicerie-lasource.org\/magasin\/wp-json\/wp\/v2\/product_tag?post=26258"}],"curies":[{"name":"wp","href":"https:\/\/api.w.org\/{rel}","templated":true}]}}