{"id":26253,"date":"2022-03-22T14:04:37","date_gmt":"2022-03-22T13:04:37","guid":{"rendered":"https:\/\/www.epicerie-lasource.org\/magasin\/?post_type=product&#038;p=26253"},"modified":"2026-03-23T22:03:56","modified_gmt":"2026-03-23T21:03:56","slug":"thelma-double-saison-rosee-7-75cl-thiriez","status":"publish","type":"product","link":"https:\/\/www.epicerie-lasource.org\/magasin\/produit\/thelma-double-saison-rosee-7-75cl-thiriez\/","title":{"rendered":"Thelma, \u00ab\u00a0double saison ros\u00e9e\u00a0\u00bb, 7% 75cl Thiriez"},"content":{"rendered":"","protected":false},"excerpt":{"rendered":"<div dir=\"auto\">Brass\u00e9e avec des fleurs d&rsquo;hibiscus et du poivre sauvage.<\/div>\n<div dir=\"auto\">Thelma a un caract\u00e8re floral et \u00e9pic\u00e9 bien affirm\u00e9<\/div>\n","protected":false},"featured_media":26254,"comment_status":"closed","ping_status":"closed","template":"","meta":[],"product_cat":[731,22,474],"product_tag":[],"supplier_id":23770,"supplier_sku":"","atum_controlled":true,"out_stock_date":"2026-03-23 21:03:56","out_stock_threshold":null,"inheritable":false,"inbound_stock":0,"stock_on_hold":0,"sold_today":0,"sales_last_days":0,"out_stock_days":42,"lost_sales":28.2,"has_location":false,"update_date":"2026-05-04T22:30:28","atum_locations":[],"atum_stock_status":"onbackorder","restock_status":false,"low_stock_amount":"","sales_update_date":"2026-05-04T22:30:28","calc_backorders":0,"_links":{"self":[{"href":"https:\/\/www.epicerie-lasource.org\/magasin\/wp-json\/wp\/v2\/product\/26253"}],"collection":[{"href":"https:\/\/www.epicerie-lasource.org\/magasin\/wp-json\/wp\/v2\/product"}],"about":[{"href":"https:\/\/www.epicerie-lasource.org\/magasin\/wp-json\/wp\/v2\/types\/product"}],"replies":[{"embeddable":true,"href":"https:\/\/www.epicerie-lasource.org\/magasin\/wp-json\/wp\/v2\/comments?post=26253"}],"wp:featuredmedia":[{"embeddable":true,"href":"https:\/\/www.epicerie-lasource.org\/magasin\/wp-json\/wp\/v2\/media\/26254"}],"wp:attachment":[{"href":"https:\/\/www.epicerie-lasource.org\/magasin\/wp-json\/wp\/v2\/media?parent=26253"}],"wp:term":[{"taxonomy":"product_cat","embeddable":true,"href":"https:\/\/www.epicerie-lasource.org\/magasin\/wp-json\/wp\/v2\/product_cat?post=26253"},{"taxonomy":"product_tag","embeddable":true,"href":"https:\/\/www.epicerie-lasource.org\/magasin\/wp-json\/wp\/v2\/product_tag?post=26253"}],"curies":[{"name":"wp","href":"https:\/\/api.w.org\/{rel}","templated":true}]}}