{"id":25578,"date":"2022-02-15T15:29:11","date_gmt":"2022-02-15T14:29:11","guid":{"rendered":"https:\/\/www.epicerie-lasource.org\/magasin\/?post_type=product&#038;p=25578"},"modified":"2026-04-18T14:37:42","modified_gmt":"2026-04-18T12:37:42","slug":"vrac-guimauves-oursons-chocolat-blanc","status":"publish","type":"product","link":"https:\/\/www.epicerie-lasource.org\/magasin\/produit\/vrac-guimauves-oursons-chocolat-blanc\/","title":{"rendered":"Vrac- Guimauves oursons chocolat blanc"},"content":{"rendered":"","protected":false},"excerpt":{"rendered":"<p>Ingr\u00e9dients<br \/>\nSirop de glucose-fructose, chocolat blanc 30% (sucre, beurre de cacao, lait entier en poudre, \u00e9mulsifiant : l\u00e9cithines de soja, ar\u00f4me naturel de vanille), sirop de glucose, sucre, g\u00e9latine, ar\u00f4me.Les ingr\u00e9dients renseign\u00e9s en majuscule attestent des allerg\u00e8nes pr\u00e9sents dans le ou les produits.<br \/>\nValeurs nutritionnelles<br \/>\nEnergie 1714kJ \/ 406kcal,<\/p>\n<p>Mati\u00e8res grasses 10g dont acides gras satur\u00e9s 6.4g,<\/p>\n<p>Glucides 74g dont sucres 57g,<\/p>\n<p>Prot\u00e9ines 3.7g,<\/p>\n<p>Sel 0.06g.<\/p>\n","protected":false},"featured_media":25547,"comment_status":"closed","ping_status":"closed","template":"","meta":[],"product_cat":[715,64,691],"product_tag":[],"supplier_id":null,"supplier_sku":"","atum_controlled":true,"out_stock_date":null,"out_stock_threshold":null,"inheritable":true,"inbound_stock":0,"stock_on_hold":0,"sold_today":0,"sales_last_days":3.6,"out_stock_days":0,"lost_sales":0,"has_location":false,"update_date":"2026-04-30T22:29:11","atum_locations":[],"atum_stock_status":"onbackorder","restock_status":false,"low_stock_amount":1,"sales_update_date":"2026-04-30T22:29:11","calc_backorders":-57.779,"_links":{"self":[{"href":"https:\/\/www.epicerie-lasource.org\/magasin\/wp-json\/wp\/v2\/product\/25578"}],"collection":[{"href":"https:\/\/www.epicerie-lasource.org\/magasin\/wp-json\/wp\/v2\/product"}],"about":[{"href":"https:\/\/www.epicerie-lasource.org\/magasin\/wp-json\/wp\/v2\/types\/product"}],"replies":[{"embeddable":true,"href":"https:\/\/www.epicerie-lasource.org\/magasin\/wp-json\/wp\/v2\/comments?post=25578"}],"wp:featuredmedia":[{"embeddable":true,"href":"https:\/\/www.epicerie-lasource.org\/magasin\/wp-json\/wp\/v2\/media\/25547"}],"wp:attachment":[{"href":"https:\/\/www.epicerie-lasource.org\/magasin\/wp-json\/wp\/v2\/media?parent=25578"}],"wp:term":[{"taxonomy":"product_cat","embeddable":true,"href":"https:\/\/www.epicerie-lasource.org\/magasin\/wp-json\/wp\/v2\/product_cat?post=25578"},{"taxonomy":"product_tag","embeddable":true,"href":"https:\/\/www.epicerie-lasource.org\/magasin\/wp-json\/wp\/v2\/product_tag?post=25578"}],"curies":[{"name":"wp","href":"https:\/\/api.w.org\/{rel}","templated":true}]}}