{"id":25570,"date":"2022-02-15T14:37:50","date_gmt":"2022-02-15T13:37:50","guid":{"rendered":"https:\/\/www.epicerie-lasource.org\/magasin\/?post_type=product&#038;p=25570"},"modified":"2026-04-08T17:37:42","modified_gmt":"2026-04-08T15:37:42","slug":"vrac-amandes-enrobees-trois-chocolats","status":"publish","type":"product","link":"https:\/\/www.epicerie-lasource.org\/magasin\/produit\/vrac-amandes-enrobees-trois-chocolats\/","title":{"rendered":"Vrac- Amandes enrob\u00e9es trois chocolats"},"content":{"rendered":"","protected":false},"excerpt":{"rendered":"<p>M\u00e9lange d&rsquo;amandes enrob\u00e9es aux chocolats noir, lait et blanc.<br \/>\nIngr\u00e9dients<\/p>\n<p>AMANDE 25%, chocolat noir (sucre, p\u00e2te de cacao, beurre de cacao, \u00e9mulsifiant: l\u00e9cithine de SOJA, vanilline; minimum 54% de cacao), chocolat au LAIT (sucre, beurre de cacao, LAIT en poudre, p\u00e2te de cacao, \u00e9mulsifiant: l\u00e9cithine de SOJA, vanilline; minimum 38% de cacao), chocolat blanc (sucre, beurre de cacao, LAIT en poudre, \u00e9mulsifiant: l\u00e9cithine de SOJA,vanilline; minimum 34% de cacao), agents d&rsquo;enrobage: E414 (gomme arabique, sucre, sirop de glucose, eau) &#8211; E904 (huile de noix de coco, gomme laque, \u00e9thanol). % total des 3 chocolats: 75%.<br \/>\nLes ingr\u00e9dients renseign\u00e9s en majuscule attestent des allerg\u00e8nes pr\u00e9sents dans le ou les produits.<br \/>\nValeurs nutritionnelles<\/p>\n<p>Energie 2490kJ \/ 600kcal,<\/p>\n<p>Mati\u00e8res grasses 44g dont acides gras satur\u00e9s 19g,<\/p>\n<p>Glucides 39g dont sucres 37g,<\/p>\n<p>Prot\u00e9ines 10g,<\/p>\n<p>Sel 0.09g.<br \/>\nInformations produits<\/p>\n<p>A conserver \u00e0 l&rsquo;abri de la chaleur, de la lumi\u00e8re et de l&rsquo;humidit\u00e9.<\/p>\n","protected":false},"featured_media":25532,"comment_status":"closed","ping_status":"closed","template":"","meta":[],"product_cat":[715,64,691],"product_tag":[],"supplier_id":null,"supplier_sku":"","atum_controlled":true,"out_stock_date":null,"out_stock_threshold":null,"inheritable":true,"inbound_stock":0,"stock_on_hold":0,"sold_today":0,"sales_last_days":1,"out_stock_days":0,"lost_sales":0,"has_location":false,"update_date":"2026-04-30T22:28:51","atum_locations":[],"atum_stock_status":"outofstock","restock_status":false,"low_stock_amount":6,"sales_update_date":"2026-04-30T22:28:51","calc_backorders":null,"_links":{"self":[{"href":"https:\/\/www.epicerie-lasource.org\/magasin\/wp-json\/wp\/v2\/product\/25570"}],"collection":[{"href":"https:\/\/www.epicerie-lasource.org\/magasin\/wp-json\/wp\/v2\/product"}],"about":[{"href":"https:\/\/www.epicerie-lasource.org\/magasin\/wp-json\/wp\/v2\/types\/product"}],"replies":[{"embeddable":true,"href":"https:\/\/www.epicerie-lasource.org\/magasin\/wp-json\/wp\/v2\/comments?post=25570"}],"wp:featuredmedia":[{"embeddable":true,"href":"https:\/\/www.epicerie-lasource.org\/magasin\/wp-json\/wp\/v2\/media\/25532"}],"wp:attachment":[{"href":"https:\/\/www.epicerie-lasource.org\/magasin\/wp-json\/wp\/v2\/media?parent=25570"}],"wp:term":[{"taxonomy":"product_cat","embeddable":true,"href":"https:\/\/www.epicerie-lasource.org\/magasin\/wp-json\/wp\/v2\/product_cat?post=25570"},{"taxonomy":"product_tag","embeddable":true,"href":"https:\/\/www.epicerie-lasource.org\/magasin\/wp-json\/wp\/v2\/product_tag?post=25570"}],"curies":[{"name":"wp","href":"https:\/\/api.w.org\/{rel}","templated":true}]}}