{"id":25564,"date":"2022-02-15T14:25:12","date_gmt":"2022-02-15T13:25:12","guid":{"rendered":"https:\/\/www.epicerie-lasource.org\/magasin\/?post_type=product&#038;p=25564"},"modified":"2026-05-05T07:52:16","modified_gmt":"2026-05-05T05:52:16","slug":"pur-jus-de-raisin-bio-bouteille-75cl","status":"publish","type":"product","link":"https:\/\/www.epicerie-lasource.org\/magasin\/produit\/pur-jus-de-raisin-bio-bouteille-75cl\/","title":{"rendered":"Pur Jus de Raisin BIO bouteille 75cl"},"content":{"rendered":"","protected":false},"excerpt":{"rendered":"<p>Ingr\u00e9dients<\/p>\n<p>Pulpe de fruits, eau, sucre, anti oxydant: acide ascorbique.<br \/>\nLes ingr\u00e9dients renseign\u00e9s en majuscule attestent des allerg\u00e8nes pr\u00e9sents dans le ou les produits.<br \/>\nValeurs nutritionnelles<\/p>\n<p>Energie 214kJ \/ 50kcal,<\/p>\n<p>Mati\u00e8res grasses &lt; 0.5g dont acides gras satur\u00e9s &lt; 0.5g,<\/p>\n<p>Glucides 12g dont sucres 12g,<\/p>\n<p>Prot\u00e9ines &lt; 0.5g,<\/p>\n<p>Sel &lt; 0.01g.<br \/>\nInformations produits<\/p>\n<p>A conserver \u00e0 temp\u00e9rature ambiante, dans un endroit frais et sec.<\/p>\n<p>Apr\u00e8s ouverture, conserver au r\u00e9frig\u00e9rateur (?5\u00b0C) 5 jours dans son emballage ferm\u00e9.<\/p>\n","protected":false},"featured_media":25530,"comment_status":"closed","ping_status":"closed","template":"","meta":[],"product_cat":[475],"product_tag":[],"supplier_id":23966,"supplier_sku":"","atum_controlled":true,"out_stock_date":null,"out_stock_threshold":null,"inheritable":false,"inbound_stock":0,"stock_on_hold":1,"sold_today":1,"sales_last_days":9,"out_stock_days":0,"lost_sales":0,"has_location":false,"update_date":"2026-05-05T03:52:20","atum_locations":[],"atum_stock_status":"instock","restock_status":true,"low_stock_amount":6,"sales_update_date":"2026-05-05T03:52:20","calc_backorders":0,"_links":{"self":[{"href":"https:\/\/www.epicerie-lasource.org\/magasin\/wp-json\/wp\/v2\/product\/25564"}],"collection":[{"href":"https:\/\/www.epicerie-lasource.org\/magasin\/wp-json\/wp\/v2\/product"}],"about":[{"href":"https:\/\/www.epicerie-lasource.org\/magasin\/wp-json\/wp\/v2\/types\/product"}],"replies":[{"embeddable":true,"href":"https:\/\/www.epicerie-lasource.org\/magasin\/wp-json\/wp\/v2\/comments?post=25564"}],"wp:featuredmedia":[{"embeddable":true,"href":"https:\/\/www.epicerie-lasource.org\/magasin\/wp-json\/wp\/v2\/media\/25530"}],"wp:attachment":[{"href":"https:\/\/www.epicerie-lasource.org\/magasin\/wp-json\/wp\/v2\/media?parent=25564"}],"wp:term":[{"taxonomy":"product_cat","embeddable":true,"href":"https:\/\/www.epicerie-lasource.org\/magasin\/wp-json\/wp\/v2\/product_cat?post=25564"},{"taxonomy":"product_tag","embeddable":true,"href":"https:\/\/www.epicerie-lasource.org\/magasin\/wp-json\/wp\/v2\/product_tag?post=25564"}],"curies":[{"name":"wp","href":"https:\/\/api.w.org\/{rel}","templated":true}]}}