{"id":25558,"date":"2022-02-15T14:05:37","date_gmt":"2022-02-15T13:05:37","guid":{"rendered":"https:\/\/www.epicerie-lasource.org\/magasin\/?post_type=product&#038;p=25558"},"modified":"2026-03-25T19:54:03","modified_gmt":"2026-03-25T18:54:03","slug":"confiture-de-figues-de-mediterranee-pot-315-g","status":"publish","type":"product","link":"https:\/\/www.epicerie-lasource.org\/magasin\/produit\/confiture-de-figues-de-mediterranee-pot-315-g\/","title":{"rendered":"Confiture de figues de M\u00e9diterran\u00e9e pot 315 g"},"content":{"rendered":"","protected":false},"excerpt":{"rendered":"<p>Ingr\u00e9dients<\/p>\n<p>Figues de M\u00e9diterran\u00e9e, sucre de canne, g\u00e9lifiant: pectine de fruits, acidifiant: acide citrique.<br \/>\nLes ingr\u00e9dients renseign\u00e9s en majuscule attestent des allerg\u00e8nes pr\u00e9sents dans le ou les produits.<br \/>\nValeurs nutritionnelles<\/p>\n<p>Energie 964kj \/ 227kcal,<\/p>\n<p>Mati\u00e8res grasses 0.2g dont acides gras satur\u00e9s 0g,<\/p>\n<p>Glucides 55g dont sucres 54g,<\/p>\n<p>Fibres 1.2g,<\/p>\n<p>Prot\u00e9ines 0.7g,<\/p>\n<p>Sel 0.1g.<\/p>\n","protected":false},"featured_media":25531,"comment_status":"closed","ping_status":"closed","template":"","meta":[],"product_cat":[64,697],"product_tag":[],"supplier_id":23966,"supplier_sku":"","atum_controlled":true,"out_stock_date":null,"out_stock_threshold":null,"inheritable":false,"inbound_stock":0,"stock_on_hold":0,"sold_today":0,"sales_last_days":2,"out_stock_days":0,"lost_sales":0,"has_location":false,"update_date":"2026-04-08T22:09:56","atum_locations":[],"atum_stock_status":"instock","restock_status":false,"low_stock_amount":2,"sales_update_date":"2026-04-08T22:09:56","calc_backorders":0,"_links":{"self":[{"href":"https:\/\/www.epicerie-lasource.org\/magasin\/wp-json\/wp\/v2\/product\/25558"}],"collection":[{"href":"https:\/\/www.epicerie-lasource.org\/magasin\/wp-json\/wp\/v2\/product"}],"about":[{"href":"https:\/\/www.epicerie-lasource.org\/magasin\/wp-json\/wp\/v2\/types\/product"}],"replies":[{"embeddable":true,"href":"https:\/\/www.epicerie-lasource.org\/magasin\/wp-json\/wp\/v2\/comments?post=25558"}],"wp:featuredmedia":[{"embeddable":true,"href":"https:\/\/www.epicerie-lasource.org\/magasin\/wp-json\/wp\/v2\/media\/25531"}],"wp:attachment":[{"href":"https:\/\/www.epicerie-lasource.org\/magasin\/wp-json\/wp\/v2\/media?parent=25558"}],"wp:term":[{"taxonomy":"product_cat","embeddable":true,"href":"https:\/\/www.epicerie-lasource.org\/magasin\/wp-json\/wp\/v2\/product_cat?post=25558"},{"taxonomy":"product_tag","embeddable":true,"href":"https:\/\/www.epicerie-lasource.org\/magasin\/wp-json\/wp\/v2\/product_tag?post=25558"}],"curies":[{"name":"wp","href":"https:\/\/api.w.org\/{rel}","templated":true}]}}