{"id":25550,"date":"2022-02-15T13:42:40","date_gmt":"2022-02-15T12:42:40","guid":{"rendered":"https:\/\/www.epicerie-lasource.org\/magasin\/?post_type=product&#038;p=25550"},"modified":"2026-03-25T21:01:23","modified_gmt":"2026-03-25T20:01:23","slug":"arachides-wasabi-paquet-130-gr","status":"publish","type":"product","link":"https:\/\/www.epicerie-lasource.org\/magasin\/produit\/arachides-wasabi-paquet-130-gr\/","title":{"rendered":"Arachides Wasabi paquet 130 gr"},"content":{"rendered":"","protected":false},"excerpt":{"rendered":"<p>Ingr\u00e9dients<\/p>\n<p>ARACHIDE 37%, amidon de ma\u00efs, farine de BL\u00c9, sucre, huile de palme, sel, poudre de WASABI 0,3% (contient de la MOUTARDE), colorant : E140 [nano].<br \/>\nLes ingr\u00e9dients renseign\u00e9s en majuscule attestent des allerg\u00e8nes pr\u00e9sents dans le ou les produits.<br \/>\nValeurs nutritionnelles<\/p>\n<p>Energie 1 962kj \/ 468kcal,<br \/>\nMati\u00e8res grasses 21g dont acides gras satur\u00e9s 6.8g<br \/>\nGlucides 56g dont sucres 9.7g,<br \/>\nProt\u00e9ines 11g,<br \/>\nSel 0.96g.<br \/>\nInformations produits<\/p>\n<p>Origine : mati\u00e8res premi\u00e8res NON UE, conditionn\u00e9es en France. \u00c0 conserver \u00e0 l&rsquo;abri de la chaleur, de la lumi\u00e8re et de l&rsquo;humidit\u00e9. Bien refermer le sachet apr\u00e8s ouverture.<\/p>\n","protected":false},"featured_media":25537,"comment_status":"closed","ping_status":"closed","template":"","meta":[],"product_cat":[63,705],"product_tag":[],"supplier_id":23966,"supplier_sku":"","atum_controlled":true,"out_stock_date":null,"out_stock_threshold":null,"inheritable":false,"inbound_stock":0,"stock_on_hold":0,"sold_today":0,"sales_last_days":0,"out_stock_days":0,"lost_sales":0,"has_location":false,"update_date":"2026-05-01T22:27:52","atum_locations":[],"atum_stock_status":"onbackorder","restock_status":false,"low_stock_amount":2,"sales_update_date":"2026-05-01T22:27:52","calc_backorders":-12,"_links":{"self":[{"href":"https:\/\/www.epicerie-lasource.org\/magasin\/wp-json\/wp\/v2\/product\/25550"}],"collection":[{"href":"https:\/\/www.epicerie-lasource.org\/magasin\/wp-json\/wp\/v2\/product"}],"about":[{"href":"https:\/\/www.epicerie-lasource.org\/magasin\/wp-json\/wp\/v2\/types\/product"}],"replies":[{"embeddable":true,"href":"https:\/\/www.epicerie-lasource.org\/magasin\/wp-json\/wp\/v2\/comments?post=25550"}],"wp:featuredmedia":[{"embeddable":true,"href":"https:\/\/www.epicerie-lasource.org\/magasin\/wp-json\/wp\/v2\/media\/25537"}],"wp:attachment":[{"href":"https:\/\/www.epicerie-lasource.org\/magasin\/wp-json\/wp\/v2\/media?parent=25550"}],"wp:term":[{"taxonomy":"product_cat","embeddable":true,"href":"https:\/\/www.epicerie-lasource.org\/magasin\/wp-json\/wp\/v2\/product_cat?post=25550"},{"taxonomy":"product_tag","embeddable":true,"href":"https:\/\/www.epicerie-lasource.org\/magasin\/wp-json\/wp\/v2\/product_tag?post=25550"}],"curies":[{"name":"wp","href":"https:\/\/api.w.org\/{rel}","templated":true}]}}